{"id":19267,"date":"2020-02-05T18:49:57","date_gmt":"2020-02-05T18:49:57","guid":{"rendered":"https:\/\/vinosdelaluz.com\/producto\/valpincia-roble-2020-espana\/"},"modified":"2025-11-10T11:25:36","modified_gmt":"2025-11-10T11:25:36","slug":"valpincia-roble-2021-espana","status":"publish","type":"product","link":"https:\/\/vinosdelaluz.com\/zh-hans\/producto\/valpincia-roble-2021-espana\/","title":{"rendered":"Valpincia Roble 2022"},"content":{"rendered":"<p><strong>Vi\u00f1edo<\/strong>: Sistema espaldera. Suelos arcillo arenosos a 700-950msnm.<br \/>\n<strong>Edad del Vi\u00f1edo<\/strong>: 15-25 a\u00f1os.<br \/>\n<strong>Variedad<\/strong>: 100% Tempranillo (Tinta del Pa\u00eds).<br \/>\n<strong>Rendimiento<\/strong>: 6.000 Kg.\/ha.<br \/>\n<strong>Crianza<\/strong>: 6 meses en barrica de roble franc\u00e9s.<br \/>\n<strong>Producci\u00f3n<\/strong>: 75.000 botellas.<br \/>\n<strong>Grado alcoh\u00f3lico<\/strong>: 14,5%.<\/p>\n<p><strong>Ribera del Duero, Espa\u00f1a<\/strong><\/p>\n<p>&nbsp;<\/p>\n","protected":false},"excerpt":{"rendered":"<p>D.O. Ribera del Duero 100% Tempranillo<\/p>\n<p><img decoding=\"async\" class=\" size-full wp-image-19256\" src=\"https:\/\/vinosdelaluz.com\/\/wp-content\/uploads\/2020\/02\/Logo-Vegano-para-Tienda-online.png\" alt=\"\" width=\"98\" height=\"98\" \/><\/p>\n","protected":false},"featured_media":24184,"comment_status":"closed","ping_status":"closed","template":"","meta":[],"product_brand":[],"product_cat":[232,250,241,235,324,231],"product_tag":[],"class_list":{"0":"post-19267","1":"product","2":"type-product","3":"status-publish","4":"has-post-thumbnail","6":"product_cat-bodegas","7":"product_cat-do-ribera-del-duero","8":"product_cat-la-luz-del-duero-espana","9":"product_cat-tintos","10":"product_cat-valpincia","11":"product_cat-vinos","12":"pa_location-281","14":"first","15":"instock","16":"taxable","17":"shipping-taxable","18":"purchasable","19":"product-type-simple"},"yoast_head":"<!-- This site is optimized with the Yoast SEO plugin v27.3 - https:\/\/yoast.com\/product\/yoast-seo-wordpress\/ -->\n<title>Valpincia Roble 2022 - Vinos de La Luz<\/title>\n<meta name=\"robots\" content=\"index, follow, max-snippet:-1, max-image-preview:large, max-video-preview:-1\" \/>\n<link rel=\"canonical\" href=\"https:\/\/vinosdelaluz.com\/zh-hans\/producto\/valpincia-roble-2021-espana\/\" \/>\n<meta property=\"og:locale\" content=\"zh_CN\" \/>\n<meta property=\"og:type\" content=\"article\" \/>\n<meta property=\"og:title\" content=\"Valpincia Roble 2022 - Vinos de La Luz\" \/>\n<meta property=\"og:description\" content=\"D.O. Ribera del Duero 100% Tempranillo\" \/>\n<meta property=\"og:url\" content=\"https:\/\/vinosdelaluz.com\/zh-hans\/producto\/valpincia-roble-2021-espana\/\" \/>\n<meta property=\"og:site_name\" content=\"Vinos de La Luz\" \/>\n<meta property=\"article:modified_time\" content=\"2025-11-10T11:25:36+00:00\" \/>\n<meta property=\"og:image\" content=\"https:\/\/vinosdelaluz.com\/wp-content\/uploads\/2025\/11\/9.Valpincia-Roble.jpg\" \/>\n\t<meta property=\"og:image:width\" content=\"928\" \/>\n\t<meta property=\"og:image:height\" content=\"1120\" \/>\n\t<meta property=\"og:image:type\" content=\"image\/jpeg\" \/>\n<meta name=\"twitter:card\" content=\"summary_large_image\" \/>\n<meta name=\"twitter:label1\" content=\"\u9884\u8ba1\u9605\u8bfb\u65f6\u95f4\" \/>\n\t<meta name=\"twitter:data1\" content=\"1 \u5206\" \/>\n<script type=\"application\/ld+json\" class=\"yoast-schema-graph\">{\"@context\":\"https:\\\/\\\/schema.org\",\"@graph\":[{\"@type\":\"WebPage\",\"@id\":\"https:\\\/\\\/vinosdelaluz.com\\\/zh-hans\\\/producto\\\/valpincia-roble-2021-espana\\\/\",\"url\":\"https:\\\/\\\/vinosdelaluz.com\\\/zh-hans\\\/producto\\\/valpincia-roble-2021-espana\\\/\",\"name\":\"Valpincia Roble 2022 - Vinos de La Luz\",\"isPartOf\":{\"@id\":\"https:\\\/\\\/vinosdelaluz.com\\\/zh-hans\\\/#website\"},\"primaryImageOfPage\":{\"@id\":\"https:\\\/\\\/vinosdelaluz.com\\\/zh-hans\\\/producto\\\/valpincia-roble-2021-espana\\\/#primaryimage\"},\"image\":{\"@id\":\"https:\\\/\\\/vinosdelaluz.com\\\/zh-hans\\\/producto\\\/valpincia-roble-2021-espana\\\/#primaryimage\"},\"thumbnailUrl\":\"https:\\\/\\\/vinosdelaluz.com\\\/wp-content\\\/uploads\\\/2025\\\/11\\\/9.Valpincia-Roble.jpg\",\"datePublished\":\"2020-02-05T18:49:57+00:00\",\"dateModified\":\"2025-11-10T11:25:36+00:00\",\"breadcrumb\":{\"@id\":\"https:\\\/\\\/vinosdelaluz.com\\\/zh-hans\\\/producto\\\/valpincia-roble-2021-espana\\\/#breadcrumb\"},\"inLanguage\":\"zh-Hans\",\"potentialAction\":[{\"@type\":\"ReadAction\",\"target\":[\"https:\\\/\\\/vinosdelaluz.com\\\/zh-hans\\\/producto\\\/valpincia-roble-2021-espana\\\/\"]}]},{\"@type\":\"ImageObject\",\"inLanguage\":\"zh-Hans\",\"@id\":\"https:\\\/\\\/vinosdelaluz.com\\\/zh-hans\\\/producto\\\/valpincia-roble-2021-espana\\\/#primaryimage\",\"url\":\"https:\\\/\\\/vinosdelaluz.com\\\/wp-content\\\/uploads\\\/2025\\\/11\\\/9.Valpincia-Roble.jpg\",\"contentUrl\":\"https:\\\/\\\/vinosdelaluz.com\\\/wp-content\\\/uploads\\\/2025\\\/11\\\/9.Valpincia-Roble.jpg\",\"width\":928,\"height\":1120},{\"@type\":\"BreadcrumbList\",\"@id\":\"https:\\\/\\\/vinosdelaluz.com\\\/zh-hans\\\/producto\\\/valpincia-roble-2021-espana\\\/#breadcrumb\",\"itemListElement\":[{\"@type\":\"ListItem\",\"position\":1,\"name\":\"Inicio\",\"item\":\"https:\\\/\\\/vinosdelaluz.com\\\/zh-hans\\\/%e9%a6%96%e9%a1%b5\\\/\"},{\"@type\":\"ListItem\",\"position\":2,\"name\":\"\u6211\u4eec\u7684\u5546\u5e97\",\"item\":\"https:\\\/\\\/vinosdelaluz.com\\\/nuestra-tienda\\\/\"},{\"@type\":\"ListItem\",\"position\":3,\"name\":\"Valpincia Roble 2022\"}]},{\"@type\":\"WebSite\",\"@id\":\"https:\\\/\\\/vinosdelaluz.com\\\/zh-hans\\\/#website\",\"url\":\"https:\\\/\\\/vinosdelaluz.com\\\/zh-hans\\\/\",\"name\":\"Vinos de La Luz\",\"description\":\"Grupo vitivin\u00edcola que cuenta con bodegas productoras de vinos con nombre propio y calidad \u00fanica, en las regiones m\u00e1s destacadas del viejo y nuevo mundo\",\"publisher\":{\"@id\":\"https:\\\/\\\/vinosdelaluz.com\\\/zh-hans\\\/#organization\"},\"potentialAction\":[{\"@type\":\"SearchAction\",\"target\":{\"@type\":\"EntryPoint\",\"urlTemplate\":\"https:\\\/\\\/vinosdelaluz.com\\\/zh-hans\\\/?s={search_term_string}\"},\"query-input\":{\"@type\":\"PropertyValueSpecification\",\"valueRequired\":true,\"valueName\":\"search_term_string\"}}],\"inLanguage\":\"zh-Hans\"},{\"@type\":\"Organization\",\"@id\":\"https:\\\/\\\/vinosdelaluz.com\\\/zh-hans\\\/#organization\",\"name\":\"Vinos de La Luz\",\"url\":\"https:\\\/\\\/vinosdelaluz.com\\\/zh-hans\\\/\",\"logo\":{\"@type\":\"ImageObject\",\"inLanguage\":\"zh-Hans\",\"@id\":\"https:\\\/\\\/vinosdelaluz.com\\\/zh-hans\\\/#\\\/schema\\\/logo\\\/image\\\/\",\"url\":\"https:\\\/\\\/vinosdelaluz.com\\\/wp-content\\\/uploads\\\/2023\\\/02\\\/vinosDelLaLuz.svg\",\"contentUrl\":\"https:\\\/\\\/vinosdelaluz.com\\\/wp-content\\\/uploads\\\/2023\\\/02\\\/vinosDelLaLuz.svg\",\"width\":308,\"height\":328,\"caption\":\"Vinos de La Luz\"},\"image\":{\"@id\":\"https:\\\/\\\/vinosdelaluz.com\\\/zh-hans\\\/#\\\/schema\\\/logo\\\/image\\\/\"}}]}<\/script>\n<!-- \/ Yoast SEO plugin. -->","yoast_head_json":{"title":"Valpincia Roble 2022 - Vinos de La Luz","robots":{"index":"index","follow":"follow","max-snippet":"max-snippet:-1","max-image-preview":"max-image-preview:large","max-video-preview":"max-video-preview:-1"},"canonical":"https:\/\/vinosdelaluz.com\/zh-hans\/producto\/valpincia-roble-2021-espana\/","og_locale":"zh_CN","og_type":"article","og_title":"Valpincia Roble 2022 - Vinos de La Luz","og_description":"D.O. Ribera del Duero 100% Tempranillo","og_url":"https:\/\/vinosdelaluz.com\/zh-hans\/producto\/valpincia-roble-2021-espana\/","og_site_name":"Vinos de La Luz","article_modified_time":"2025-11-10T11:25:36+00:00","og_image":[{"width":928,"height":1120,"url":"https:\/\/vinosdelaluz.com\/wp-content\/uploads\/2025\/11\/9.Valpincia-Roble.jpg","type":"image\/jpeg"}],"twitter_card":"summary_large_image","twitter_misc":{"\u9884\u8ba1\u9605\u8bfb\u65f6\u95f4":"1 \u5206"},"schema":{"@context":"https:\/\/schema.org","@graph":[{"@type":"WebPage","@id":"https:\/\/vinosdelaluz.com\/zh-hans\/producto\/valpincia-roble-2021-espana\/","url":"https:\/\/vinosdelaluz.com\/zh-hans\/producto\/valpincia-roble-2021-espana\/","name":"Valpincia Roble 2022 - Vinos de La Luz","isPartOf":{"@id":"https:\/\/vinosdelaluz.com\/zh-hans\/#website"},"primaryImageOfPage":{"@id":"https:\/\/vinosdelaluz.com\/zh-hans\/producto\/valpincia-roble-2021-espana\/#primaryimage"},"image":{"@id":"https:\/\/vinosdelaluz.com\/zh-hans\/producto\/valpincia-roble-2021-espana\/#primaryimage"},"thumbnailUrl":"https:\/\/vinosdelaluz.com\/wp-content\/uploads\/2025\/11\/9.Valpincia-Roble.jpg","datePublished":"2020-02-05T18:49:57+00:00","dateModified":"2025-11-10T11:25:36+00:00","breadcrumb":{"@id":"https:\/\/vinosdelaluz.com\/zh-hans\/producto\/valpincia-roble-2021-espana\/#breadcrumb"},"inLanguage":"zh-Hans","potentialAction":[{"@type":"ReadAction","target":["https:\/\/vinosdelaluz.com\/zh-hans\/producto\/valpincia-roble-2021-espana\/"]}]},{"@type":"ImageObject","inLanguage":"zh-Hans","@id":"https:\/\/vinosdelaluz.com\/zh-hans\/producto\/valpincia-roble-2021-espana\/#primaryimage","url":"https:\/\/vinosdelaluz.com\/wp-content\/uploads\/2025\/11\/9.Valpincia-Roble.jpg","contentUrl":"https:\/\/vinosdelaluz.com\/wp-content\/uploads\/2025\/11\/9.Valpincia-Roble.jpg","width":928,"height":1120},{"@type":"BreadcrumbList","@id":"https:\/\/vinosdelaluz.com\/zh-hans\/producto\/valpincia-roble-2021-espana\/#breadcrumb","itemListElement":[{"@type":"ListItem","position":1,"name":"Inicio","item":"https:\/\/vinosdelaluz.com\/zh-hans\/%e9%a6%96%e9%a1%b5\/"},{"@type":"ListItem","position":2,"name":"\u6211\u4eec\u7684\u5546\u5e97","item":"https:\/\/vinosdelaluz.com\/nuestra-tienda\/"},{"@type":"ListItem","position":3,"name":"Valpincia Roble 2022"}]},{"@type":"WebSite","@id":"https:\/\/vinosdelaluz.com\/zh-hans\/#website","url":"https:\/\/vinosdelaluz.com\/zh-hans\/","name":"Vinos de La Luz","description":"Grupo vitivin\u00edcola que cuenta con bodegas productoras de vinos con nombre propio y calidad \u00fanica, en las regiones m\u00e1s destacadas del viejo y nuevo mundo","publisher":{"@id":"https:\/\/vinosdelaluz.com\/zh-hans\/#organization"},"potentialAction":[{"@type":"SearchAction","target":{"@type":"EntryPoint","urlTemplate":"https:\/\/vinosdelaluz.com\/zh-hans\/?s={search_term_string}"},"query-input":{"@type":"PropertyValueSpecification","valueRequired":true,"valueName":"search_term_string"}}],"inLanguage":"zh-Hans"},{"@type":"Organization","@id":"https:\/\/vinosdelaluz.com\/zh-hans\/#organization","name":"Vinos de La Luz","url":"https:\/\/vinosdelaluz.com\/zh-hans\/","logo":{"@type":"ImageObject","inLanguage":"zh-Hans","@id":"https:\/\/vinosdelaluz.com\/zh-hans\/#\/schema\/logo\/image\/","url":"https:\/\/vinosdelaluz.com\/wp-content\/uploads\/2023\/02\/vinosDelLaLuz.svg","contentUrl":"https:\/\/vinosdelaluz.com\/wp-content\/uploads\/2023\/02\/vinosDelLaLuz.svg","width":308,"height":328,"caption":"Vinos de La Luz"},"image":{"@id":"https:\/\/vinosdelaluz.com\/zh-hans\/#\/schema\/logo\/image\/"}}]}},"_links":{"self":[{"href":"https:\/\/vinosdelaluz.com\/zh-hans\/wp-json\/wp\/v2\/product\/19267","targetHints":{"allow":["GET"]}}],"collection":[{"href":"https:\/\/vinosdelaluz.com\/zh-hans\/wp-json\/wp\/v2\/product"}],"about":[{"href":"https:\/\/vinosdelaluz.com\/zh-hans\/wp-json\/wp\/v2\/types\/product"}],"replies":[{"embeddable":true,"href":"https:\/\/vinosdelaluz.com\/zh-hans\/wp-json\/wp\/v2\/comments?post=19267"}],"wp:featuredmedia":[{"embeddable":true,"href":"https:\/\/vinosdelaluz.com\/zh-hans\/wp-json\/wp\/v2\/media\/24184"}],"wp:attachment":[{"href":"https:\/\/vinosdelaluz.com\/zh-hans\/wp-json\/wp\/v2\/media?parent=19267"}],"wp:term":[{"taxonomy":"product_brand","embeddable":true,"href":"https:\/\/vinosdelaluz.com\/zh-hans\/wp-json\/wp\/v2\/product_brand?post=19267"},{"taxonomy":"product_cat","embeddable":true,"href":"https:\/\/vinosdelaluz.com\/zh-hans\/wp-json\/wp\/v2\/product_cat?post=19267"},{"taxonomy":"product_tag","embeddable":true,"href":"https:\/\/vinosdelaluz.com\/zh-hans\/wp-json\/wp\/v2\/product_tag?post=19267"}],"curies":[{"name":"wp","href":"https:\/\/api.w.org\/{rel}","templated":true}]}}