{"id":20481,"date":"2023-02-08T10:02:01","date_gmt":"2023-02-08T10:02:01","guid":{"rendered":"https:\/\/vinosdelaluz.com\/%e9%9a%90%e7%a7%81%e6%94%bf%e7%ad%96\/"},"modified":"2025-11-20T16:35:04","modified_gmt":"2025-11-20T16:35:04","slug":"%e9%9a%90%e7%a7%81%e6%94%bf%e7%ad%96","status":"publish","type":"page","link":"https:\/\/vinosdelaluz.com\/zh-hans\/%e9%9a%90%e7%a7%81%e6%94%bf%e7%ad%96\/","title":{"rendered":"\u9690\u79c1\u653f\u7b56"},"content":{"rendered":"\n<h1 class=\"wp-block-heading\">\u9690\u79c1\u653f\u7b56<\/h1>\n\n<p>\u9075\u7167\u6b27\u6d32\u8bae\u4f1a\u548c\u7406\u4e8b\u4f1a2016\u5e744\u670827\u65e5\u5173\u4e8e\u5728\u5904\u7406\u4e2a\u4eba\u6570\u636e\u65b9\u9762\u4fdd\u62a4\u4e2a\u4eba\u7684\u6761\u4f8b\uff08\u6b27\u76df\uff092016\/679\uff0c\u5e9f\u9664\u4e86\u7b2c95\/46\/EC\u53f7\u6307\u4ee4\uff08\u4ee5\u4e0b\u7b80\u79f0RGPD\uff09\uff0c7\u670811\u65e5\u5173\u4e8e\u4fe1\u606f\u793e\u4f1a\u670d\u52a1\u548c\u7535\u5b50\u5546\u52a1\u7684\u7b2c34\/2002\u53f7\u6cd5\u5f8b\uff08\u4ee5\u4e0b\u7b80\u79f0\u3002LSSI-CE\uff09\u548c\u5173\u4e8e\u4fdd\u62a4\u4e2a\u4eba\u6570\u636e\u548c\u4fdd\u969c\u6570\u5b57\u6743\u5229\uff08\u4ee5\u4e0b\u7b80\u79f0LOPDGDD\uff09\u7684\u7b2c3\/2018\u53f7\u7ec4\u7ec7\u6cd5\uff0cVinos de la Luz\u4fdd\u8bc1\u6309\u7167\u300a\u4e2a\u4eba\u6570\u636e\u4fdd\u62a4\u603b\u6761\u4f8b\u300b\u7684\u89c4\u5b9a\uff0c\u5bf9\u5ba2\u6237\u63d0\u4f9b\u7684\u4efb\u4f55\u7c7b\u578b\u7684\u4e2a\u4eba\u6570\u636e\u8fdb\u884c\u4fdd\u62a4\u548c\u4fdd\u5bc6\u3002<\/p>\n\n<p>\u6240\u63d0\u4f9b\u7684\u6570\u636e\u5c06\u6309\u7167RGPD\u89c4\u5b9a\u7684\u6761\u6b3e\u8fdb\u884c\u5904\u7406\uff0c\u5728\u8fd9\u4e2a\u610f\u4e49\u4e0a\uff0cVinos de la Luz\u5df2\u7ecf\u91c7\u53d6\u4e86\u6cd5\u5f8b\u8981\u6c42\u7684\u4fdd\u62a4\u6c34\u5e73\uff0c\u5e76\u4e14\u5df2\u7ecf\u5b89\u88c5\u4e86\u6240\u6709\u7684\u6280\u672f\u63aa\u65bd\uff0c\u4ee5\u9632\u6b62\u635f\u5931\u3001\u6ee5\u7528\u3001\u6539\u53d8\u3001\u672a\u7ecf\u6388\u6743\u7684\u7b2c\u4e09\u65b9\u8bbf\u95ee\uff0c\u4e0b\u9762\u5217\u51fa\u3002 \u7136\u800c\uff0c\u7528\u6237\u5e94\u8be5\u77e5\u9053\uff0c\u4e92\u8054\u7f51\u4e0a\u7684\u5b89\u5168\u63aa\u65bd\u5e76\u4e0d\u662f\u575a\u4e0d\u53ef\u6467\u7684\u3002<\/p>\n\n<p><strong>Responsable del tratamiento<\/strong><br\/>Denominaci\u00f3n: Vinos de la Luz<br\/>NIF: B47301205<br\/>Direcci\u00f3n: CARRETERA DE MELIDA KM 3,5<br\/>Tel\u00e9fono: <a href=\"tel:983878007\">983 878 007<\/a><br\/>Correo electr\u00f3nico: <a href=\"mailto:info@vinosdelaluz.com\">info@vinosdelaluz.com<\/a><\/p>\n\n<p><strong>Finalidad del tratamiento<\/strong><br\/>Todos los datos facilitados por nuestros clientes y\/o visitantes en la web de Vinos de la Luz o a su personal, ser\u00e1n incluidos en registro de actividades de tratamiento de datos de car\u00e1cter personal, creado y mantenido bajo la responsabilidad de Vinos de la Luz, imprescindibles para prestar los servicios solicitados por los usuarios, o para resolver las dudas o cuestiones planteadas por nuestros visitantes. Nuestra pol\u00edtica es no elaborar perfiles sobre los usuarios de nuestros servicios.<\/p>\n\n<p><strong>\u5904\u7406\u7684\u5408\u6cd5\u6027<\/strong><\/p>\n\n<ol style=\"list-style-type:lower-alpha\" class=\"wp-block-list\">\n<li>\u5408\u540c\u5173\u7cfb\uff1a\u8fd9\u662f\u9002\u7528\u4e8e\u4f60\u8d2d\u4e70\u6211\u4eec\u7684\u4e00\u4e2a\u4ea7\u54c1\u6216\u7b7e\u7ea6\u6211\u4eec\u7684\u4e00\u4e2a\u670d\u52a1\u7684\u5173\u7cfb\u3002<\/li>\n\n\n\n<li>\u5408\u6cd5\u5229\u76ca\uff1a\u5904\u7406\u60a8\u63d0\u4ea4\u7ed9\u6211\u4eec\u7684\u67e5\u8be2\u548c\u7d22\u8d54\uff0c\u5e76\u7ba1\u7406\u6240\u6b20\u6b3e\u9879\u7684\u6536\u53d6\u3002<\/li>\n\n\n\n<li>\u60a8\u7684\u540c\u610f\uff1a\u5982\u679c\u60a8\u662f\u6211\u4eec\u7f51\u7ad9\u7684\u7528\u6237\uff0c\u901a\u8fc7\u5728\u8054\u7cfb\u8868\u4e0a\u6253\u52fe\uff0c\u60a8\u6388\u6743\u6211\u4eec\u5411\u60a8\u53d1\u9001\u5fc5\u8981\u7684\u901a\u4fe1\uff0c\u4ee5\u56de\u5e94\u60a8\u7684\u8be2\u95ee\u6216\u4fe1\u606f\u8bf7\u6c42\u3002<\/li>\n<\/ol>\n\n<p><strong>\u6536\u4ef6\u4eba<\/strong><br\/>\u6211\u4eec\u4e0d\u4f1a\u5411\u4efb\u4f55\u4eba\u62ab\u9732\u60a8\u7684\u4e2a\u4eba\u8d44\u6599\uff0c\u4f46\u4e3a\u4e86\u9075\u5b88\u4efb\u4f55\u6cd5\u5f8b\uff0c\u6211\u4eec\u6709\u4e49\u52a1\u5411\u5176\u62ab\u9732\u60a8\u7684\u4e2a\u4eba\u8d44\u6599\u7684\u516c\u5171\u6216\u79c1\u4eba\u5b9e\u4f53\u9664\u5916\u3002 \u4f8b\u5982\uff0c\u300a\u7a0e\u6cd5\u300b\u89c4\u5b9a\uff0c\u5fc5\u987b\u5411\u7a0e\u52a1\u5c40\u63d0\u4f9b\u8d85\u8fc7\u4e00\u5b9a\u91d1\u989d\u7684\u7ecf\u6d4e\u4ea4\u6613\u7684\u67d0\u4e9b\u4fe1\u606f\u3002<\/p>\n\n<p>\u5982\u679c\u9664\u4e0a\u8ff0\u60c5\u51b5\u5916\uff0c\u6211\u4eec\u9700\u8981\u5411\u5176\u4ed6\u5b9e\u4f53\u62ab\u9732\u60a8\u7684\u4e2a\u4eba\u4fe1\u606f\uff0c\u6211\u4eec\u5c06\u901a\u8fc7\u660e\u786e\u7684\u9009\u9879\u5f81\u6c42\u60a8\u7684\u4e8b\u5148\u8bb8\u53ef\uff0c\u8ba9\u60a8\u5728\u8fd9\u65b9\u9762\u505a\u51fa\u51b3\u5b9a\u3002<\/p>\n\n<p><strong>\u4ea4\u6d41<\/strong><br\/>\u6211\u4eec\u4e0d\u4f1a\u4e3a\u4e0a\u8ff0\u4efb\u4f55\u76ee\u7684\u5bf9\u60a8\u7684\u4e2a\u4eba\u6570\u636e\u8fdb\u884c\u56fd\u9645\u8f6c\u79fb\u3002<br\/>(<strong>NOTA INTERNA<\/strong>: ESTE P\u00c1RRAFO SE HA DE CAMBIAR POR EL RESPONSABLE SI REALMENTE SE PRODUCEN TRANSFERENCIAS INTERNACIONALES. TE RECOMENDAMOS SOLICITAR ASESORAMIENTO SI NO SABES C\u00d3MO REFLEJARLO CORRECTAMENTE PARA CUMPLIR CON LA NORMATIVA)<\/p>\n\n<p><strong>\u4fdd\u62a4<\/strong><br\/>\u6211\u4eec\u53ea\u5728\u5b9e\u73b0\u6536\u96c6\u76ee\u7684\u6240\u9700\u7684\u65f6\u95f4\u5185\u4fdd\u7559\u60a8\u7684\u4e2a\u4eba\u6570\u636e\u3002 \u5728\u786e\u5b9a\u9002\u5f53\u7684\u4fdd\u7559\u671f\u65f6\uff0c\u6211\u4eec\u4f1a\u8003\u8651\u5904\u7406\u8fc7\u7a0b\u4e2d\u6d89\u53ca\u7684\u98ce\u9669\uff0c\u4ee5\u53ca\u6211\u4eec\u7684\u5408\u540c\u3001\u6cd5\u5f8b\u548c\u76d1\u7ba1\u4e49\u52a1\u3001\u5185\u90e8\u6570\u636e\u4fdd\u7559\u653f\u7b56\u548c\u672c\u9690\u79c1\u901a\u77e5\u548cCookie\u653f\u7b56\u4e2d\u6240\u8ff0\u7684\u6211\u4eec\u7684\u5408\u6cd5\u5546\u4e1a\u5229\u76ca\u3002<\/p>\n\n<p>\u5728\u8fd9\u4e2a\u610f\u4e49\u4e0a\uff0c\u4e00\u65e6\u4e0e\u60a8\u7684\u5173\u7cfb\u7ed3\u675f\uff0cVinos de la Luz\u5c06\u4fdd\u7559\u4e2a\u4eba\u6570\u636e\uff0c\u5e76\u9002\u5f53\u5c01\u9501\uff0c\u5728\u4e0e\u6709\u5173\u4eba\u5458\u7684\u5173\u7cfb\u53ef\u80fd\u4ea7\u751f\u7684\u8bc9\u8bbc\u65f6\u6548\u671f\u95f4\u3002<\/p>\n\n<p>\u4e00\u65e6\u88ab\u5c01\u9501\uff0cVinos de la Luz\u5c06\u65e0\u6cd5\u8bbf\u95ee\u60a8\u7684\u6570\u636e\uff0c\u5e76\u4e14\u4e0d\u4f1a\u5bf9\u5176\u8fdb\u884c\u5904\u7406\uff0c\u9664\u975e\u5c06\u5176\u63d0\u4f9b\u7ed9\u516c\u5171\u7ba1\u7406\u90e8\u95e8\u3001\u6cd5\u5b98\u548c\u6cd5\u9662\uff0c\u4ee5\u5173\u6ce8\u5904\u7406\u8fc7\u7a0b\u4e2d\u53ef\u80fd\u4ea7\u751f\u7684\u8d23\u4efb\uff0c\u4ee5\u53ca\u5728\u897f\u73ed\u7259\u6570\u636e\u4fdd\u62a4\u5c40\u884c\u4f7f\u548c\u8fa9\u62a4\u7d22\u8d54\u3002<\/p>\n\n<p><strong>\u5b89\u5168\u95ee\u9898<\/strong><br\/>\u6211\u4eec\u4f7f\u7528\u6240\u6709\u5408\u7406\u7684\u52aa\u529b\u6765\u7ef4\u62a4\u6211\u4eec\u7cfb\u7edf\u4e2d\u5904\u7406\u7684\u4e2a\u4eba\u4fe1\u606f\u7684\u4fdd\u5bc6\u6027\u3002 \u8003\u8651\u5230\u6280\u672f\u6c34\u5e73\u3001\u6570\u636e\u7684\u6027\u8d28\u548c\u9762\u4e34\u7684\u98ce\u9669\uff0c\u6211\u4eec\u4fdd\u6301\u4e25\u683c\u7684\u5b89\u5168\u6c34\u5e73\uff0c\u4ee5\u4fdd\u62a4\u6211\u4eec\u5904\u7406\u7684\u4e2a\u4eba\u6570\u636e\u514d\u906d\u610f\u5916\u635f\u5931\u548c\u672a\u7ecf\u6388\u6743\u7684\u8bbf\u95ee\u3001\u5904\u7406\u6216\u62ab\u9732\u3002 \u7136\u800c\uff0c\u5bf9\u4e8e\u60a8\u5728\u6211\u4eec\u7f51\u7ad9\u4e0a\u4f7f\u7528\u7684\u6570\u636e\uff08\u5305\u62ec\u7528\u6237\u540d\u548c\u5bc6\u7801\uff09\uff0c\u6211\u4eec\u4e0d\u627f\u62c5\u4efb\u4f55\u8d23\u4efb\u3002 \u6211\u4eec\u7684\u5458\u5de5\u9075\u5faa\u4e25\u683c\u7684\u9690\u79c1\u6807\u51c6\uff0c\u5982\u679c\u6211\u4eec\u8058\u8bf7\u7b2c\u4e09\u65b9\u63d0\u4f9b\u652f\u6301\u670d\u52a1\uff0c\u6211\u4eec\u8981\u6c42\u4ed6\u4eec\u9075\u5b88\u540c\u6837\u7684\u6807\u51c6\uff0c\u5e76\u5141\u8bb8\u6211\u4eec\u5ba1\u6838\u4ed6\u4eec\u7684\u5408\u89c4\u6027\u3002<\/p>\n\n<p><strong>\u4f60\u7684\u6743\u5229<\/strong><br\/>\u6211\u4eec\u901a\u77e5\u4f60\uff0c\u4f60\u53ef\u4ee5\u884c\u4f7f\u4ee5\u4e0b\u6743\u5229\u3002<\/p>\n\n<ol style=\"list-style-type:lower-alpha\" class=\"wp-block-list\">\n<li>\u6709\u6743\u67e5\u9605\u60a8\u7684\u4e2a\u4eba\u6570\u636e\uff0c\u4e86\u89e3\u54ea\u4e9b\u4e2a\u4eba\u6570\u636e\u6b63\u5728\u88ab\u5904\u7406\u4ee5\u53ca\u5bf9\u5176\u8fdb\u884c\u7684\u5904\u7406\u64cd\u4f5c\u3002<\/li>\n\n\n\n<li>\u7ea0\u6b63\u4efb\u4f55\u4e0d\u51c6\u786e\u7684\u4e2a\u4eba\u6570\u636e\u7684\u6743\u5229\u3002<\/li>\n\n\n\n<li>\u5728\u53ef\u80fd\u7684\u60c5\u51b5\u4e0b\uff08\u5982\u6cd5\u5f8b\u89c4\u5b9a\uff09\uff0c\u6709\u6743\u5220\u9664\u60a8\u7684\u4e2a\u4eba\u6570\u636e\u3002<\/li>\n\n\n\n<li>\u5728\u6570\u636e\u5904\u7406\u7684\u51c6\u786e\u6027\u3001\u5408\u6cd5\u6027\u6216\u5fc5\u8981\u6027\u6709\u7591\u95ee\u7684\u60c5\u51b5\u4e0b\uff0c\u6709\u6743\u9650\u5236\u5bf9\u60a8\u7684\u4e2a\u4eba\u6570\u636e\u7684\u5904\u7406\uff0c\u5728\u8fd9\u79cd\u60c5\u51b5\u4e0b\uff0c\u6211\u4eec\u53ef\u4ee5\u4e3a\u4e3b\u5f20\u6216\u8fa9\u62a4\u7684\u76ee\u7684\u4fdd\u7559\u8fd9\u4e9b\u6570\u636e\u3002<\/li>\n\n\n\n<li>\u53cd\u5bf9\u5904\u7406\u60a8\u7684\u4e2a\u4eba\u6570\u636e\u7684\u6743\u5229\uff0c\u5f53\u4f7f\u6211\u4eec\u80fd\u591f\u5904\u7406\u8fd9\u4e9b\u6570\u636e\u7684\u6cd5\u5f8b\u4f9d\u636e\u662f\u6211\u4eec\u7684\u5408\u6cd5\u5229\u76ca\u3002 Vinos de la Luz\u5c06\u505c\u6b62\u5904\u7406\u60a8\u7684\u6570\u636e\uff0c\u9664\u975e\u5b83\u6709\u5408\u6cd5\u7684\u5229\u76ca\uff0c\u6216\u6709\u5fc5\u8981\u4e3a\u7d22\u8d54\u8fdb\u884c\u8fa9\u62a4\u3002<\/li>\n\n\n\n<li>\u5f53\u4f7f\u6211\u4eec\u80fd\u591f\u5904\u7406\u60a8\u7684\u6570\u636e\u7684\u6cd5\u5f8b\u4f9d\u636e\u662f\u5b58\u5728\u5408\u540c\u5173\u7cfb\u6216\u60a8\u7684\u540c\u610f\u65f6\uff0c\u60a8\u6709\u6743\u83b7\u5f97\u6570\u636e\u53ef\u79fb\u690d\u6027\u3002<\/li>\n\n\n\n<li>\u64a4\u9500\u5bf9Vinos de la Luz\u7684\u540c\u610f\u7684\u6743\u5229<\/li>\n<\/ol>\n\n<p>\u4e3a\u4e86\u884c\u4f7f\u60a8\u7684\u6743\u5229\uff0c\u60a8\u53ef\u4ee5\u5728\u4efb\u4f55\u65f6\u5019\u514d\u8d39\u4e0e\u6211\u4eec\u8054\u7cfb\uff0c\u5730\u5740\u662fCARRETERA DE MELIDA KM 3,5\uff0c\u5e76\u9644\u4e0a\u60a8\u7684\u8eab\u4efd\u8bc1\u590d\u5370\u4ef6\u3002<\/p>\n\n<p><strong>\u4fdd\u62a4\u6743\u5229<\/strong><br\/>\u5982\u679c\u60a8\u89c9\u5f97\u60a8\u7684\u6743\u5229\u88ab\u6211\u4eec\u7684\u5b9e\u4f53\u65e0\u89c6\uff0c\u60a8\u53ef\u4ee5\u901a\u8fc7\u4ee5\u4e0b\u4efb\u4f55\u4e00\u79cd\u65b9\u5f0f\u5411\u897f\u73ed\u7259\u6570\u636e\u4fdd\u62a4\u5c40\u63d0\u51fa\u6295\u8bc9\u3002<\/p>\n\n<ul class=\"wp-block-list\">\n<li>\u7535\u5b50\u603b\u90e8\uff1a<a href=\"https:\/\/www.aepd.es\/\">https:\/\/www.aepd.es<\/a><\/li>\n\n\n\n<li>\u90ae\u653f\u5730\u5740\uff1aAgencia Espa\u00f1ola de Protecci\u00f3n de Datos, C\/ Jorge Juan, 6, 28001, Madrid<\/li>\n\n\n\n<li>\u7535\u8bdd: 901.100.099 y 912.663.517<\/li>\n<\/ul>\n\n<p>\u5411\u897f\u73ed\u7259\u6570\u636e\u4fdd\u62a4\u5c40\u8fdb\u884c\u6295\u8bc9\u4e0d\u9700\u8981\u4efb\u4f55\u8d39\u7528\uff0c\u4e5f\u4e0d\u9700\u8981\u5f8b\u5e08\u6216\u5f8b\u5e08\u7684\u534f\u52a9\u3002<\/p>\n\n<p><strong>Actualizaciones<\/strong><br\/>Vinos de la Luz se reserva el derecho a modificar la presente pol\u00edtica para adaptarla a novedades legislativas o jurisprudenciales que puedan afectar el cumplimiento de la misma.<\/p>\n","protected":false},"excerpt":{"rendered":"<p>\u9690\u79c1\u653f\u7b56 \u9075\u7167\u6b27\u6d32\u8bae\u4f1a\u548c\u7406\u4e8b\u4f1a2016\u5e744\u670827\u65e5\u5173\u4e8e\u5728\u5904\u7406&hellip;<\/p>\n","protected":false},"author":1,"featured_media":0,"parent":0,"menu_order":0,"comment_status":"closed","ping_status":"closed","template":"","meta":{"footnotes":""},"class_list":["post-20481","page","type-page","status-publish","hentry"],"yoast_head":"<!-- This site is optimized with the Yoast SEO plugin v27.3 - https:\/\/yoast.com\/product\/yoast-seo-wordpress\/ -->\n<title>\u9690\u79c1\u653f\u7b56 - Vinos de La Luz<\/title>\n<meta name=\"robots\" content=\"noindex, nofollow\" \/>\n<meta property=\"og:locale\" content=\"zh_CN\" \/>\n<meta property=\"og:type\" content=\"article\" \/>\n<meta property=\"og:title\" content=\"\u9690\u79c1\u653f\u7b56 - Vinos de La Luz\" \/>\n<meta property=\"og:description\" content=\"\u9690\u79c1\u653f\u7b56 \u9075\u7167\u6b27\u6d32\u8bae\u4f1a\u548c\u7406\u4e8b\u4f1a2016\u5e744\u670827\u65e5\u5173\u4e8e\u5728\u5904\u7406&hellip;\" \/>\n<meta property=\"og:url\" content=\"https:\/\/vinosdelaluz.com\/zh-hans\/%e9%9a%90%e7%a7%81%e6%94%bf%e7%ad%96\/\" \/>\n<meta property=\"og:site_name\" content=\"Vinos de La Luz\" \/>\n<meta property=\"article:modified_time\" content=\"2025-11-20T16:35:04+00:00\" \/>\n<meta name=\"twitter:card\" content=\"summary_large_image\" \/>\n<meta name=\"twitter:label1\" content=\"\u9884\u8ba1\u9605\u8bfb\u65f6\u95f4\" \/>\n\t<meta name=\"twitter:data1\" content=\"1 \u5206\" \/>\n<script type=\"application\/ld+json\" class=\"yoast-schema-graph\">{\"@context\":\"https:\\\/\\\/schema.org\",\"@graph\":[{\"@type\":\"WebPage\",\"@id\":\"https:\\\/\\\/vinosdelaluz.com\\\/zh-hans\\\/%e9%9a%90%e7%a7%81%e6%94%bf%e7%ad%96\\\/\",\"url\":\"https:\\\/\\\/vinosdelaluz.com\\\/zh-hans\\\/%e9%9a%90%e7%a7%81%e6%94%bf%e7%ad%96\\\/\",\"name\":\"\u9690\u79c1\u653f\u7b56 - Vinos de La Luz\",\"isPartOf\":{\"@id\":\"https:\\\/\\\/vinosdelaluz.com\\\/zh-hans\\\/#website\"},\"datePublished\":\"2023-02-08T10:02:01+00:00\",\"dateModified\":\"2025-11-20T16:35:04+00:00\",\"breadcrumb\":{\"@id\":\"https:\\\/\\\/vinosdelaluz.com\\\/zh-hans\\\/%e9%9a%90%e7%a7%81%e6%94%bf%e7%ad%96\\\/#breadcrumb\"},\"inLanguage\":\"zh-Hans\",\"potentialAction\":[{\"@type\":\"ReadAction\",\"target\":[\"https:\\\/\\\/vinosdelaluz.com\\\/zh-hans\\\/%e9%9a%90%e7%a7%81%e6%94%bf%e7%ad%96\\\/\"]}]},{\"@type\":\"BreadcrumbList\",\"@id\":\"https:\\\/\\\/vinosdelaluz.com\\\/zh-hans\\\/%e9%9a%90%e7%a7%81%e6%94%bf%e7%ad%96\\\/#breadcrumb\",\"itemListElement\":[{\"@type\":\"ListItem\",\"position\":1,\"name\":\"Inicio\",\"item\":\"https:\\\/\\\/vinosdelaluz.com\\\/zh-hans\\\/%e9%a6%96%e9%a1%b5\\\/\"},{\"@type\":\"ListItem\",\"position\":2,\"name\":\"\u9690\u79c1\u653f\u7b56\"}]},{\"@type\":\"WebSite\",\"@id\":\"https:\\\/\\\/vinosdelaluz.com\\\/zh-hans\\\/#website\",\"url\":\"https:\\\/\\\/vinosdelaluz.com\\\/zh-hans\\\/\",\"name\":\"Vinos de La Luz\",\"description\":\"Grupo vitivin\u00edcola que cuenta con bodegas productoras de vinos con nombre propio y calidad \u00fanica, en las regiones m\u00e1s destacadas del viejo y nuevo mundo\",\"publisher\":{\"@id\":\"https:\\\/\\\/vinosdelaluz.com\\\/zh-hans\\\/#organization\"},\"potentialAction\":[{\"@type\":\"SearchAction\",\"target\":{\"@type\":\"EntryPoint\",\"urlTemplate\":\"https:\\\/\\\/vinosdelaluz.com\\\/zh-hans\\\/?s={search_term_string}\"},\"query-input\":{\"@type\":\"PropertyValueSpecification\",\"valueRequired\":true,\"valueName\":\"search_term_string\"}}],\"inLanguage\":\"zh-Hans\"},{\"@type\":\"Organization\",\"@id\":\"https:\\\/\\\/vinosdelaluz.com\\\/zh-hans\\\/#organization\",\"name\":\"Vinos de La Luz\",\"url\":\"https:\\\/\\\/vinosdelaluz.com\\\/zh-hans\\\/\",\"logo\":{\"@type\":\"ImageObject\",\"inLanguage\":\"zh-Hans\",\"@id\":\"https:\\\/\\\/vinosdelaluz.com\\\/zh-hans\\\/#\\\/schema\\\/logo\\\/image\\\/\",\"url\":\"https:\\\/\\\/vinosdelaluz.com\\\/wp-content\\\/uploads\\\/2023\\\/02\\\/vinosDelLaLuz.svg\",\"contentUrl\":\"https:\\\/\\\/vinosdelaluz.com\\\/wp-content\\\/uploads\\\/2023\\\/02\\\/vinosDelLaLuz.svg\",\"width\":308,\"height\":328,\"caption\":\"Vinos de La Luz\"},\"image\":{\"@id\":\"https:\\\/\\\/vinosdelaluz.com\\\/zh-hans\\\/#\\\/schema\\\/logo\\\/image\\\/\"}}]}<\/script>\n<!-- \/ Yoast SEO plugin. -->","yoast_head_json":{"title":"\u9690\u79c1\u653f\u7b56 - Vinos de La Luz","robots":{"index":"noindex","follow":"nofollow"},"og_locale":"zh_CN","og_type":"article","og_title":"\u9690\u79c1\u653f\u7b56 - Vinos de La Luz","og_description":"\u9690\u79c1\u653f\u7b56 \u9075\u7167\u6b27\u6d32\u8bae\u4f1a\u548c\u7406\u4e8b\u4f1a2016\u5e744\u670827\u65e5\u5173\u4e8e\u5728\u5904\u7406&hellip;","og_url":"https:\/\/vinosdelaluz.com\/zh-hans\/%e9%9a%90%e7%a7%81%e6%94%bf%e7%ad%96\/","og_site_name":"Vinos de La Luz","article_modified_time":"2025-11-20T16:35:04+00:00","twitter_card":"summary_large_image","twitter_misc":{"\u9884\u8ba1\u9605\u8bfb\u65f6\u95f4":"1 \u5206"},"schema":{"@context":"https:\/\/schema.org","@graph":[{"@type":"WebPage","@id":"https:\/\/vinosdelaluz.com\/zh-hans\/%e9%9a%90%e7%a7%81%e6%94%bf%e7%ad%96\/","url":"https:\/\/vinosdelaluz.com\/zh-hans\/%e9%9a%90%e7%a7%81%e6%94%bf%e7%ad%96\/","name":"\u9690\u79c1\u653f\u7b56 - Vinos de La Luz","isPartOf":{"@id":"https:\/\/vinosdelaluz.com\/zh-hans\/#website"},"datePublished":"2023-02-08T10:02:01+00:00","dateModified":"2025-11-20T16:35:04+00:00","breadcrumb":{"@id":"https:\/\/vinosdelaluz.com\/zh-hans\/%e9%9a%90%e7%a7%81%e6%94%bf%e7%ad%96\/#breadcrumb"},"inLanguage":"zh-Hans","potentialAction":[{"@type":"ReadAction","target":["https:\/\/vinosdelaluz.com\/zh-hans\/%e9%9a%90%e7%a7%81%e6%94%bf%e7%ad%96\/"]}]},{"@type":"BreadcrumbList","@id":"https:\/\/vinosdelaluz.com\/zh-hans\/%e9%9a%90%e7%a7%81%e6%94%bf%e7%ad%96\/#breadcrumb","itemListElement":[{"@type":"ListItem","position":1,"name":"Inicio","item":"https:\/\/vinosdelaluz.com\/zh-hans\/%e9%a6%96%e9%a1%b5\/"},{"@type":"ListItem","position":2,"name":"\u9690\u79c1\u653f\u7b56"}]},{"@type":"WebSite","@id":"https:\/\/vinosdelaluz.com\/zh-hans\/#website","url":"https:\/\/vinosdelaluz.com\/zh-hans\/","name":"Vinos de La Luz","description":"Grupo vitivin\u00edcola que cuenta con bodegas productoras de vinos con nombre propio y calidad \u00fanica, en las regiones m\u00e1s destacadas del viejo y nuevo mundo","publisher":{"@id":"https:\/\/vinosdelaluz.com\/zh-hans\/#organization"},"potentialAction":[{"@type":"SearchAction","target":{"@type":"EntryPoint","urlTemplate":"https:\/\/vinosdelaluz.com\/zh-hans\/?s={search_term_string}"},"query-input":{"@type":"PropertyValueSpecification","valueRequired":true,"valueName":"search_term_string"}}],"inLanguage":"zh-Hans"},{"@type":"Organization","@id":"https:\/\/vinosdelaluz.com\/zh-hans\/#organization","name":"Vinos de La Luz","url":"https:\/\/vinosdelaluz.com\/zh-hans\/","logo":{"@type":"ImageObject","inLanguage":"zh-Hans","@id":"https:\/\/vinosdelaluz.com\/zh-hans\/#\/schema\/logo\/image\/","url":"https:\/\/vinosdelaluz.com\/wp-content\/uploads\/2023\/02\/vinosDelLaLuz.svg","contentUrl":"https:\/\/vinosdelaluz.com\/wp-content\/uploads\/2023\/02\/vinosDelLaLuz.svg","width":308,"height":328,"caption":"Vinos de La Luz"},"image":{"@id":"https:\/\/vinosdelaluz.com\/zh-hans\/#\/schema\/logo\/image\/"}}]}},"_links":{"self":[{"href":"https:\/\/vinosdelaluz.com\/zh-hans\/wp-json\/wp\/v2\/pages\/20481","targetHints":{"allow":["GET"]}}],"collection":[{"href":"https:\/\/vinosdelaluz.com\/zh-hans\/wp-json\/wp\/v2\/pages"}],"about":[{"href":"https:\/\/vinosdelaluz.com\/zh-hans\/wp-json\/wp\/v2\/types\/page"}],"author":[{"embeddable":true,"href":"https:\/\/vinosdelaluz.com\/zh-hans\/wp-json\/wp\/v2\/users\/1"}],"replies":[{"embeddable":true,"href":"https:\/\/vinosdelaluz.com\/zh-hans\/wp-json\/wp\/v2\/comments?post=20481"}],"version-history":[{"count":4,"href":"https:\/\/vinosdelaluz.com\/zh-hans\/wp-json\/wp\/v2\/pages\/20481\/revisions"}],"predecessor-version":[{"id":25667,"href":"https:\/\/vinosdelaluz.com\/zh-hans\/wp-json\/wp\/v2\/pages\/20481\/revisions\/25667"}],"wp:attachment":[{"href":"https:\/\/vinosdelaluz.com\/zh-hans\/wp-json\/wp\/v2\/media?parent=20481"}],"curies":[{"name":"wp","href":"https:\/\/api.w.org\/{rel}","templated":true}]}}