{"id":20479,"date":"2023-02-08T10:02:01","date_gmt":"2023-02-08T10:02:01","guid":{"rendered":"https:\/\/vinosdelaluz.com\/%e9%a5%bc%e5%b9%b2%e6%94%bf%e7%ad%96\/"},"modified":"2026-03-11T12:44:33","modified_gmt":"2026-03-11T12:44:33","slug":"%e9%a5%bc%e5%b9%b2%e6%94%bf%e7%ad%96","status":"publish","type":"page","link":"https:\/\/vinosdelaluz.com\/zh-hans\/%e9%a5%bc%e5%b9%b2%e6%94%bf%e7%ad%96\/","title":{"rendered":"\u997c\u5e72\u653f\u7b56"},"content":{"rendered":"\n<h1 class=\"wp-block-heading\">\u997c\u5e72\u653f\u7b56<\/h1>\n\n<p>En la web <a href=\"https:\/\/vinosdelaluz.com\/zh-hans\/\" target=\"_blank\" rel=\"noreferrer noopener\">https:\/\/vinosdelaluz.com<\/a> (en adelante, el Sitio Web) utilizamos cookies para facilitar la relaci\u00f3n de los visitantes con nuestro contenido y para permitir elaborar estad\u00edsticas sobre las visitantes que recibimos.<\/p>\n\n<p>\u6211\u4eec\u544a\u77e5\u60a8\uff0c\u6211\u4eec\u53ef\u80fd\u4f1a\u4f7f\u7528cookies\uff0c\u4ee5\u65b9\u4fbf\u60a8\u5728\u7f51\u7ad9\u4e0a\u6d4f\u89c8\uff0c\u5c06\u60a8\u4e0e\u5176\u4ed6\u7528\u6237\u533a\u5206\u5f00\u6765\uff0c\u4e3a\u60a8\u63d0\u4f9b\u66f4\u597d\u7684\u7f51\u7ad9\u4f7f\u7528\u4f53\u9a8c\uff0c\u5e76\u53d1\u73b0\u95ee\u9898\uff0c\u4ee5\u6539\u8fdb\u6211\u4eec\u7684\u7f51\u7ad9\u3002<\/p>\n\n<p><strong>\u4ec0\u4e48\u662f\u997c\u5e72\uff1f<\/strong><br\/>Cookies\u662f\u8bb0\u5f55\u5728\u6211\u4eec\u7f51\u7ad9\u6bcf\u4e2a\u8bbf\u95ee\u8005\u4f7f\u7528\u7684\u6d4f\u89c8\u5668\u4e2d\u7684\u5c0f\u6587\u4ef6\uff0c\u4ee5\u4fbf\u670d\u52a1\u5668\u80fd\u591f\u5728\u4ee5\u540e\u7528\u6237\u518d\u6b21\u8bbf\u95ee\u6211\u4eec\u7684\u5185\u5bb9\u65f6\u8bb0\u4f4f\u4ed6\u4eec\u7684\u8bbf\u95ee\u3002 \u8fd9\u4e9b\u4fe1\u606f\u4e0d\u4f1a\u66b4\u9732\u60a8\u7684\u8eab\u4efd\u6216\u4efb\u4f55\u4e2a\u4eba\u6570\u636e\uff0c\u4e5f\u4e0d\u4f1a\u8bbf\u95ee\u5b58\u50a8\u5728\u60a8\u7684\u8ba1\u7b97\u673a\u4e0a\u7684\u5185\u5bb9\uff0c\u4f46\u5b83\u5141\u8bb8\u6211\u4eec\u7684\u7cfb\u7edf\u5c06\u60a8\u8bc6\u522b\u4e3a\u4ee5\u524d\u8bbf\u95ee\u8fc7\u7f51\u7ad9\u3001\u6d4f\u89c8\u8fc7\u67d0\u4e9b\u7f51\u9875\u7b49\u7684\u7279\u5b9a\u7528\u6237\uff0c\u5b83\u8fd8\u5141\u8bb8\u6211\u4eec\u4fdd\u5b58\u60a8\u7684\u4e2a\u4eba\u504f\u597d\u548c\u6280\u672f\u4fe1\u606f\u3002<\/p>\n\n<p>\u6839\u636e\u7b2c2009\/136\/EC\u53f7\u6307\u4ee4\uff0c\u5e76\u901a\u8fc7LSSI\u7b2c22\u6761\u7b2c\u4e8c\u6b3e\u5728\u6211\u4eec\u7684\u7acb\u6cd5\u4e2d\u5b9e\u65bd\uff0c\u9075\u5faaAEPD\u7684\u6307\u5bfc\u65b9\u9488\uff0c\u6211\u4eec\u5c06\u8be6\u7ec6\u544a\u77e5\u60a8\u5bf9\u6211\u4eec\u7f51\u7ad9\u7684\u4f7f\u7528\u60c5\u51b5\u3002<\/p>\n\n<p>\u7136\u540e\u6839\u636e\u4e00\u4e9b\u7c7b\u522b\u5bf9Cookies\u8fdb\u884c\u5206\u7c7b\u3002 \u7136\u800c\uff0c\u5e94\u8be5\u6ce8\u610f\u7684\u662f\uff0c\u540c\u4e00\u4e2acookie\u53ef\u80fd\u88ab\u5217\u5165\u4e00\u4e2a\u4ee5\u4e0a\u7684\u7c7b\u522b\u3002<\/p>\n\n<p><strong>\u6839\u636e\u7ba1\u7406\u5b9e\u4f53\u5212\u5206\u7684cookies\u7c7b\u578b<\/strong><\/p>\n\n<ul class=\"wp-block-list\">\n<li>\u7b2c\u4e00\u65b9Cookies\uff1a\u6307\u7531\u53d1\u5e03\u5546\u81ea\u8eab\u7ba1\u7406\u7684\u8ba1\u7b97\u673a\u6216\u57df\u540d\u5411\u7528\u6237\u7ec8\u7aef\u8bbe\u5907\u53d1\u9001\u7684Cookies\u3002<\/li>\n\n\n\n<li>\u7b2c\u4e09\u65b9Cookie\uff1a\u6307\u4ece\u975e\u7531\u53d1\u5e03\u8005\u7ba1\u7406\u7684\u8bbe\u5907\u6216\u57df\u540d\u53d1\u9001\u81f3\u7528\u6237\u7ec8\u7aef\u8bbe\u5907\u7684Cookie\uff0c\u8be5\u8bbe\u5907\u6216\u57df\u540d\u7531\u5904\u7406\u6570\u636e\u7684\u5176\u4ed6\u5b9e\u4f53\u7ba1\u7406\u3002<\/li>\n<\/ul>\n\n<p><strong>\u6839\u636e\u4fdd\u6301\u6d3b\u52a8\u7684\u65f6\u95f4\u957f\u77ed\u5212\u5206\u7684cookies\u7c7b\u578b<\/strong><\/p>\n\n<ul class=\"wp-block-list\">\n<li>\u4f1a\u8bddcookie\uff1a\u8fd9\u662f\u4e00\u79cdcookie\uff0c\u65e8\u5728\u7528\u6237\u8bbf\u95ee\u7f51\u9875\u65f6\u6536\u96c6\u548c\u5b58\u50a8\u6570\u636e\u3002<\/li>\n\n\n\n<li>\u6301\u4e45\u6027cookie\u3002\u8fd9\u4e9b\u662f\u4e00\u79cdcookie\uff0c\u5176\u4e2d\u7684\u6570\u636e\u4ecd\u7136\u5b58\u50a8\u5728\u7ec8\u7aef\u4e2d\uff0c\u53ef\u4ee5\u5728cookie\u8d1f\u8d23\u65b9\u89c4\u5b9a\u7684\u65f6\u95f4\u5185\u88ab\u8bbf\u95ee\u548c\u5904\u7406\uff0c\u65f6\u95f4\u8303\u56f4\u4ece\u51e0\u5206\u949f\u5230\u51e0\u5e74\u4e0d\u7b49\u3002<\/li>\n<\/ul>\n\n<p><strong>\u6309\u76ee\u7684\u5212\u5206\u7684cookies\u7c7b\u578b<\/strong><\/p>\n\n<ul class=\"wp-block-list\">\n<li>\u6280\u672f\u6027cookies\uff1a\u90a3\u4e9b\u5141\u8bb8\u7528\u6237\u6d4f\u89c8\u7f51\u7ad9\u3001\u5e73\u53f0\u6216\u5e94\u7528\u7a0b\u5e8f\u5e76\u4f7f\u7528\u5176\u4e0a\u5b58\u5728\u7684\u4e0d\u540c\u9009\u9879\u6216\u670d\u52a1\u7684cookies\u3002<\/li>\n\n\n\n<li>\u4e2a\u6027\u5316Cookie\uff1a\u8fd9\u7c7bCookie\u5141\u8bb8\u7528\u6237\u6839\u636e\u7ec8\u7aef\u8bbe\u5907\u4e0a\u9884\u8bbe\u7684\u4e00\u7cfb\u5217\u6807\u51c6\uff0c\u4ee5\u67d0\u4e9b\u9884\u5148\u5b9a\u4e49\u7684\u901a\u7528\u7279\u5f81\u8bbf\u95ee\u670d\u52a1\u3002<\/li>\n\n\n\n<li>\u5e7f\u544aCookies\uff1a\u8fd9\u4e9bCookies\u5141\u8bb8\u4ee5\u6700\u6709\u6548\u7684\u65b9\u5f0f\u7ba1\u7406\u7f16\u8f91\u5728\u7f51\u9875\u4e0a\u6240\u5305\u542b\u7684\u5e7f\u544a\u7a7a\u95f4\uff0c\u5982\u679c\u5408\u9002\u7684\u8bdd\u3002<\/li>\n\n\n\n<li>\u884c\u4e3a\u5e7f\u544aCookie\uff1a\u6b64\u7c7bCookie\u65e8\u5728\u5c3d\u53ef\u80fd\u9ad8\u6548\u5730\u7ba1\u7406\u51fa\u7248\u5546\u5728\u7f51\u9875\u4e2d\u53ef\u80fd\u8bbe\u7f6e\u7684\u5e7f\u544a\u4f4d\u3002 \u8fd9\u4e9bcookies\u5b58\u50a8\u4e86\u901a\u8fc7\u6301\u7eed\u89c2\u5bdf\u7528\u6237\u7684\u6d4f\u89c8\u4e60\u60ef\u800c\u83b7\u5f97\u7684\u7528\u6237\u884c\u4e3a\u4fe1\u606f\uff0c\u4ece\u800c\u53ef\u4ee5\u5f00\u53d1\u51fa\u4e00\u4e2a\u7279\u5b9a\u7684\u914d\u7f6e\u6587\u4ef6\uff0c\u4ee5\u4fbf\u5728\u6b64\u57fa\u7840\u4e0a\u663e\u793a\u5e7f\u544a\u3002<\/li>\n\n\n\n<li>\u5206\u6790cookies\uff1a\u8fd9\u4e9bcookies\u5141\u8bb8\u8d1f\u8d23\u5b83\u4eec\u7684\u4e00\u65b9\u76d1\u6d4b\u548c\u5206\u6790\u5b83\u4eec\u6240\u94fe\u63a5\u7684\u7f51\u7ad9\u7684\u7528\u6237\u884c\u4e3a\u3002 \u901a\u8fc7\u8fd9\u79cd\u7c7b\u578b\u7684cookies\u6536\u96c6\u7684\u4fe1\u606f\u88ab\u7528\u6765\u8861\u91cf\u7f51\u7ad9\u7684\u6d3b\u52a8\uff0c\u4ee5\u4fbf\u5728\u5206\u6790\u7528\u6237\u4f7f\u7528\u670d\u52a1\u7684\u6570\u636e\u7684\u57fa\u7840\u4e0a\u8fdb\u884c\u6539\u8fdb\u3002<\/li>\n<\/ul>\n\n<p>\u76ee\u524d\uff0c\u5927\u591a\u6570\u6d4f\u89c8\u5668\u9ed8\u8ba4\u8bbe\u7f6e\u4e3a\u963b\u6b62\u5728\u60a8\u7684\u8ba1\u7b97\u673a\u4e0a\u5b89\u88c5\u5e7f\u544a\u6216\u7b2c\u4e09\u65b9cookies\u3002 \u7528\u6237\u53ef\u4ee5\u6269\u5927\u539f\u4ea7\u5730\u7684\u9650\u5236\uff0c\u9632\u6b62\u4efb\u4f55\u7c7b\u578b\u7684cookie\u8fdb\u5165\uff0c\u6216\u53d6\u6d88\u8fd9\u79cd\u9650\u5236\uff0c\u63a5\u53d7\u4efb\u4f55\u7c7b\u578b\u7684cookie\u8fdb\u5165\u3002 \u5982\u679c\u4f60\u5bf9\u63a5\u53d7\u5e7f\u544a\u6216\u7b2c\u4e09\u65b9\u7684cookies\u611f\u5174\u8da3\uff0c\u4f60\u53ef\u4ee5\u5bf9\u4f60\u7684\u6d4f\u89c8\u5668\u8fdb\u884c\u76f8\u5e94\u7684\u914d\u7f6e\u3002<\/p>\n\n<p>\u7528\u6237\u901a\u8fc7\u70b9\u51fb\u521d\u59cbCookie\u4fe1\u606f\u9875\u9762\u4e2d\u663e\u793a\u7684\u201c\u63a5\u53d7\u201d\u6309\u94ae\uff0c\u5373\u8868\u793a\u660e\u786e\u540c\u610f\u6570\u636e\u63a7\u5236\u65b9\u4f7f\u7528Cookie\u3002\u7528\u6237\u53ef\u968f\u65f6\u5411Vinos de la Luz\u63d0\u4ea4\u7533\u8bf7\uff0c\u884c\u4f7f\u76f8\u5173\u6743\u5229\u5e76\u64a4\u9500\u540c\u610f\u3002<\/p>\n\n<p>\u4e0b\u9762\u4f60\u4f1a\u53d1\u73b0\u5173\u4e8e\u6211\u4eec\u7f51\u7ad9\u53ef\u80fd\u5b89\u88c5\u7684\u6240\u6709cookies\u7684\u8be6\u7ec6\u4fe1\u606f\u3002 \u6839\u636e\u60a8\u7684\u6d4f\u89c8\u884c\u4e3a\u3001\u6d4f\u89c8\u5668\u8bbe\u7f6e\u4ee5\u53ca\u5bf9\u8fd9\u4e9b\u6587\u4ef6\u7684\u63a5\u53d7\u6216\u62d2\u7edd\u60c5\u51b5\uff0c\u53ef\u80fd\u4f1a\u5b89\u88c5\u5168\u90e8\u6216\u90e8\u5206\u6587\u4ef6\u3002<\/p>\n\n<figure class=\"wp-block-table\"><table><tbody><tr><td>\u547d\u540d<\/td><td>Categor\u00eda<\/td><td>\u63cf\u8ff0<\/td><td>\u8d22\u4ea7<\/td><td>\u65f6\u95f4<\/td><\/tr><tr><td>_ga<\/td><td>\u5206\u6790\u62a5\u544a<\/td><td>\u5b83\u662f\u7528\u6765\u533a\u5206\u7528\u6237\u7684\u3002<\/td><td>\u7b2c\u4e09\u65b9<\/td><td>2\u5e74<\/td><\/tr><tr><td>_gat<\/td><td>\u5e7f\u544a<\/td><td>\u7528\u4e8e\u533a\u5206\u4f1a\u8bdd\u4e2d\u521b\u5efa\u7684\u4e0d\u540c\u8ddf\u8e2a\u5bf9\u8c61\u3002<\/td><td>\u7b2c\u4e09\u65b9<\/td><td>1\u5206\u949f<\/td><\/tr><tr><td>_gid<\/td><td>\u5206\u6790\u62a5\u544a<\/td><td>\u5b83\u662f\u7528\u6765\u533a\u5206\u7528\u6237\u7684\u3002<\/td><td>\u7b2c\u4e09\u65b9<\/td><td>24\u5c0f\u65f6<\/td><\/tr><tr><td>PHPSESSID<\/td><td>\u529f\u80fd\u6027<\/td><td>\u8fd9\u4e2acookie\u662f\u7531PHP\u52a0\u5bc6\u8bed\u8a00\u4f7f\u7528\u7684\uff0c\u5141\u8bb8\u4f1a\u8bdd\u53d8\u91cf\u5b58\u50a8\u5728\u7f51\u7edc\u670d\u52a1\u5668\u4e0a\u3002<\/td><td>\u81ea\u5df1\u7684<\/td><td>\u4f1a\u8bae\u7ed3\u675f<\/td><\/tr><tr><td><\/td><td><\/td><td><\/td><td><\/td><td><\/td><\/tr><tr><td><\/td><td><\/td><td><\/td><td><\/td><td><\/td><\/tr><tr><td><\/td><td><\/td><td><\/td><td><\/td><td><\/td><\/tr><tr><td>wp-settings-<\/td><td>\u529f\u80fd\u6027<\/td><td>\u7528\u6765\u5b9a\u5236\u7528\u6237\u754c\u9762\u3002<\/td><td>\u81ea\u5df1\u7684<\/td><td>1\u5e74<\/td><\/tr><tr><td>wp-settings-time-<\/td><td>\u529f\u80fd\u6027<\/td><td>\u7528\u6765\u5b9a\u5236\u7528\u6237\u754c\u9762\u3002<\/td><td>\u81ea\u5df1\u7684<\/td><td>\u4f1a\u8bae\u7ed3\u675f<\/td><\/tr><tr><td>catAccCookies<\/td><td>\u529f\u80fd\u6027<\/td><td>\u5305\u542b\u4e00\u4e2a\u4ee3\u7801\uff0c\u7528\u4e8e\u9a8c\u8bc1\u662f\u5426\u5df2\u63a5\u53d7cookie\u653f\u7b56\u3002<\/td><td>\u81ea\u5df1\u7684<\/td><td>1\u5929<\/td><\/tr><tr><td>autoptimize_feed<\/td><td>\u529f\u80fd\u6027<\/td><td>\u901f\u5ea6\u4f18\u5316<\/td><td>\u7b2c\u4e09\u65b9<\/td><td><\/td><\/tr><tr><td>age_gate<\/td><td>\u529f\u80fd\u6027<\/td><td>\u5b58\u50a8\u7528\u6237\u5e74\u9f84\u9a8c\u8bc1<\/td><td>\u7b2c\u4e09\u65b9<\/td><td><\/td><\/tr><tr><td>cookiesinregistrar<\/td><td>\u529f\u80fd\u6027<\/td><td>\u997c\u5e72\u662f\u5982\u4f55\u5de5\u4f5c\u7684<\/td><td>\u7b2c\u4e09\u65b9<\/td><td><\/td><\/tr><tr><td>wf_loginalerted_bbccd49ce53355314672a43464dc6ab01b3466095afd380e354dd051169944b2<\/td><td>\u529f\u80fd\u6027<\/td><td>\u5b89\u5168\u95ee\u9898<\/td><td>\u7b2c\u4e09\u65b9<\/td><td><\/td><\/tr><tr><td>wfwaf-authcookie-fbe1e1e13ae11a06743c85eb5fde2ab3<\/td><td>\u529f\u80fd\u6027<\/td><td>\u5b89\u5168\u95ee\u9898<\/td><td>\u7b2c\u4e09\u65b9<\/td><td><\/td><\/tr><tr><td>wp-wpml_current_admin_language_d41d8cd98f00b204e9800998ecf8427e<\/td><td>\u529f\u80fd\u6027<\/td><td>\u8bed\u8a00\u7ffb\u8bd1\u5de5\u5177<\/td><td>\u7b2c\u4e09\u65b9<\/td><td><\/td><\/tr><\/tbody><\/table><\/figure>\n\n<p>\u6211\u4eec\u53ef\u80fd\u4f1a\u66f4\u65b0\u6211\u4eec\u7f51\u7ad9\u4e0a\u7684Cookie\u653f\u7b56\uff0c\u56e0\u6b64\u6211\u4eec\u5efa\u8bae\u60a8\u5728\u6bcf\u6b21\u8bbf\u95ee\u6211\u4eec\u7684\u7f51\u7ad9\u65f6\u90fd\u67e5\u770b\u8be5\u653f\u7b56\uff0c\u4ee5\u4fbf\u6b63\u786e\u4e86\u89e3\u6211\u4eec\u5982\u4f55\u4f7f\u7528Cookie\u4ee5\u53ca\u4f7f\u7528\u7684\u76ee\u7684\u3002<\/p>\n\n<p>\u5982\u679c\u60a8\u4e0d\u5e0c\u671bcookies\u88ab\u4fdd\u5b58\u5728\u60a8\u7684\u6d4f\u89c8\u5668\u4e2d\uff0c\u6216\u8005\u60a8\u66f4\u5e0c\u671b\u5728\u6bcf\u6b21cookie\u8bf7\u6c42\u5b89\u88c5\u65f6\u6536\u5230\u4fe1\u606f\uff0c\u60a8\u53ef\u4ee5\u914d\u7f6e\u60a8\u7684\u6d4f\u89c8\u9009\u9879\uff0c\u4ee5\u4fbf\u505a\u5230\u8fd9\u4e00\u70b9\u3002 \u5927\u591a\u6570\u6d4f\u89c8\u5668\u5141\u8bb8\u4ee53\u79cd\u4e0d\u540c\u65b9\u5f0f\u7ba1\u7406cookies\u3002<\/p>\n\n<ul class=\"wp-block-list\">\n<li>Cookies\u603b\u662f\u88ab\u62d2\u7edd\u3002<\/li>\n\n\n\n<li>\u6d4f\u89c8\u5668\u4f1a\u8be2\u95ee\u7528\u6237\u662f\u5426\u613f\u610f\u5b89\u88c5\u6bcf\u4e2acookie\u3002<\/li>\n\n\n\n<li>\u59cb\u7ec8\u63a5\u53d7Cookies\u3002<\/li>\n<\/ul>\n\n<p>\u60a8\u7684\u6d4f\u89c8\u5668\u53ef\u80fd\u8fd8\u5305\u62ec\u8be6\u7ec6\u9009\u62e9\u60a8\u5e0c\u671b\u5728\u60a8\u7684\u8ba1\u7b97\u673a\u4e0a\u653e\u7f6e\u54ea\u4e9bcookies\u7684\u529f\u80fd\u3002 \u7279\u522b\u662f\uff0c\u7528\u6237\u901a\u5e38\u53ef\u4ee5\u63a5\u53d7\u4ee5\u4e0b\u9009\u9879\u4e4b\u4e00\u3002<\/p>\n\n<ul class=\"wp-block-list\">\n<li>\u62d2\u7edd\u6765\u81ea\u67d0\u4e9b\u9886\u57df\u7684cookies\u3002<\/li>\n\n\n\n<li>\u62d2\u7edd\u7b2c\u4e09\u65b9cookies\u3002<\/li>\n\n\n\n<li>\u63a5\u53d7cookies\u4e3a\u975e\u6301\u4e45\u6027\u7684\uff08\u5f53\u6d4f\u89c8\u5668\u5173\u95ed\u65f6\uff0c\u5b83\u4eec\u4f1a\u88ab\u5220\u9664\uff09\u3002<\/li>\n\n\n\n<li>\u5141\u8bb8\u670d\u52a1\u5668\u4e3a\u4e0d\u540c\u7684\u57df\u540d\u521b\u5efacookies\u3002<\/li>\n<\/ul>\n\n<p>\u8981\u5141\u8bb8\u3001\u4e86\u89e3\u3001\u963b\u6b62\u6216\u5220\u9664\u5b89\u88c5\u5728\u60a8\u7535\u8111\u4e0a\u7684cookies\uff0c\u60a8\u53ef\u4ee5\u901a\u8fc7\u914d\u7f6e\u5b89\u88c5\u5728\u60a8\u7535\u8111\u4e0a\u7684\u6d4f\u89c8\u5668\u9009\u9879\u6765\u5b9e\u73b0\u3002<\/p>\n\n<p>\u5173\u4e8e\u5982\u4f55\u914d\u7f6e\u6700\u5e38\u7528\u7684\u6d4f\u89c8\u5668\u7684\u4fe1\u606f\u53ef\u4ee5\u5728\u4ee5\u4e0b\u4f4d\u7f6e\u627e\u5230\u3002<\/p>\n\n<ul class=\"wp-block-list\">\n<li><strong>Internet Explorer<\/strong>\uff1a\u5de5\u5177 -&gt; Internet \u9009\u9879 -&gt; \u9690\u79c1 -&gt; \u8bbe\u7f6e\u3002 \u66f4\u591a\u4fe1\u606f\uff0c\u4f60\u53ef\u4ee5\u54a8\u8be2<a href=\"http:\/\/windows.microsoft.com\/es-ES\/windows\/support\" target=\"_blank\" rel=\"noreferrer noopener\">\u5fae\u8f6f\u652f\u6301<\/a>\u6216\u6d4f\u89c8\u5668\u5e2e\u52a9\u3002<\/li>\n\n\n\n<li><strong>\u706b\u72d0<\/strong>\uff1a\u5de5\u5177 -&gt;\u9009\u9879 -&gt; \u9690\u79c1 -&gt; \u5386\u53f2 -&gt; \u5b9a\u5236\u8bbe\u7f6e\u3002 \u6b32\u4e86\u89e3\u66f4\u591a\u4fe1\u606f\uff0c\u4f60\u53ef\u4ee5\u54a8\u8be2<a target=\"_blank\" rel=\"noreferrer noopener\">Mozilla<\/a>\u652f\u6301\u90e8\u95e8\u6216\u6d4f\u89c8\u5668\u7684\u5e2e\u52a9\u3002<\/li>\n\n\n\n<li><strong>Chrome<\/strong>: \u8bbe\u7f6e -&gt; \u663e\u793a\u9ad8\u7ea7\u9009\u9879 -&gt; \u9690\u79c1 -&gt; \u5185\u5bb9\u8bbe\u7f6e\u3002 \u6b32\u4e86\u89e3\u66f4\u591a\u4fe1\u606f\uff0c\u4f60\u53ef\u4ee5\u54a8<a target=\"_blank\" rel=\"noreferrer noopener\">\u8be2\u8c37\u6b4c\u652f<\/a>\u6301\u6216\u6d4f\u89c8\u5668\u5e2e\u52a9\u3002<\/li>\n\n\n\n<li><strong>Safari<\/strong>: Preferences -&gt; \u5b89\u5168\u3002 \u6b32\u4e86\u89e3\u66f4\u591a\u4fe1\u606f\uff0c\u4f60\u53ef\u4ee5\u54a8\u8be2<a target=\"_blank\" rel=\"noreferrer noopener\">\u82f9\u679c\u652f\u6301<\/a>\u6216\u6d4f\u89c8\u5668\u5e2e\u52a9\u3002<\/li>\n<\/ul>\n","protected":false},"excerpt":{"rendered":"<p>\u997c\u5e72\u653f\u7b56 En la web https:\/\/vinosde&hellip;<\/p>\n","protected":false},"author":1,"featured_media":0,"parent":0,"menu_order":0,"comment_status":"closed","ping_status":"closed","template":"","meta":{"footnotes":""},"class_list":["post-20479","page","type-page","status-publish","hentry"],"yoast_head":"<!-- This site is optimized with the Yoast SEO plugin v27.3 - https:\/\/yoast.com\/product\/yoast-seo-wordpress\/ -->\n<title>\u997c\u5e72\u653f\u7b56 - Vinos de La Luz<\/title>\n<meta name=\"robots\" content=\"noindex, nofollow\" \/>\n<meta property=\"og:locale\" content=\"zh_CN\" \/>\n<meta property=\"og:type\" content=\"article\" \/>\n<meta property=\"og:title\" content=\"\u997c\u5e72\u653f\u7b56 - Vinos de La Luz\" \/>\n<meta property=\"og:description\" content=\"\u997c\u5e72\u653f\u7b56 En la web https:\/\/vinosde&hellip;\" \/>\n<meta property=\"og:url\" content=\"https:\/\/vinosdelaluz.com\/zh-hans\/%e9%a5%bc%e5%b9%b2%e6%94%bf%e7%ad%96\/\" \/>\n<meta property=\"og:site_name\" content=\"Vinos de La Luz\" \/>\n<meta property=\"article:modified_time\" content=\"2026-03-11T12:44:33+00:00\" \/>\n<meta name=\"twitter:card\" content=\"summary_large_image\" \/>\n<meta name=\"twitter:label1\" content=\"\u9884\u8ba1\u9605\u8bfb\u65f6\u95f4\" \/>\n\t<meta name=\"twitter:data1\" content=\"1 \u5206\" \/>\n<script type=\"application\/ld+json\" class=\"yoast-schema-graph\">{\"@context\":\"https:\\\/\\\/schema.org\",\"@graph\":[{\"@type\":\"WebPage\",\"@id\":\"https:\\\/\\\/vinosdelaluz.com\\\/zh-hans\\\/%e9%a5%bc%e5%b9%b2%e6%94%bf%e7%ad%96\\\/\",\"url\":\"https:\\\/\\\/vinosdelaluz.com\\\/zh-hans\\\/%e9%a5%bc%e5%b9%b2%e6%94%bf%e7%ad%96\\\/\",\"name\":\"\u997c\u5e72\u653f\u7b56 - Vinos de La Luz\",\"isPartOf\":{\"@id\":\"https:\\\/\\\/vinosdelaluz.com\\\/zh-hans\\\/#website\"},\"datePublished\":\"2023-02-08T10:02:01+00:00\",\"dateModified\":\"2026-03-11T12:44:33+00:00\",\"breadcrumb\":{\"@id\":\"https:\\\/\\\/vinosdelaluz.com\\\/zh-hans\\\/%e9%a5%bc%e5%b9%b2%e6%94%bf%e7%ad%96\\\/#breadcrumb\"},\"inLanguage\":\"zh-Hans\",\"potentialAction\":[{\"@type\":\"ReadAction\",\"target\":[\"https:\\\/\\\/vinosdelaluz.com\\\/zh-hans\\\/%e9%a5%bc%e5%b9%b2%e6%94%bf%e7%ad%96\\\/\"]}]},{\"@type\":\"BreadcrumbList\",\"@id\":\"https:\\\/\\\/vinosdelaluz.com\\\/zh-hans\\\/%e9%a5%bc%e5%b9%b2%e6%94%bf%e7%ad%96\\\/#breadcrumb\",\"itemListElement\":[{\"@type\":\"ListItem\",\"position\":1,\"name\":\"Inicio\",\"item\":\"https:\\\/\\\/vinosdelaluz.com\\\/zh-hans\\\/%e9%a6%96%e9%a1%b5\\\/\"},{\"@type\":\"ListItem\",\"position\":2,\"name\":\"\u997c\u5e72\u653f\u7b56\"}]},{\"@type\":\"WebSite\",\"@id\":\"https:\\\/\\\/vinosdelaluz.com\\\/zh-hans\\\/#website\",\"url\":\"https:\\\/\\\/vinosdelaluz.com\\\/zh-hans\\\/\",\"name\":\"Vinos de La Luz\",\"description\":\"Grupo vitivin\u00edcola que cuenta con bodegas productoras de vinos con nombre propio y calidad \u00fanica, en las regiones m\u00e1s destacadas del viejo y nuevo mundo\",\"publisher\":{\"@id\":\"https:\\\/\\\/vinosdelaluz.com\\\/zh-hans\\\/#organization\"},\"potentialAction\":[{\"@type\":\"SearchAction\",\"target\":{\"@type\":\"EntryPoint\",\"urlTemplate\":\"https:\\\/\\\/vinosdelaluz.com\\\/zh-hans\\\/?s={search_term_string}\"},\"query-input\":{\"@type\":\"PropertyValueSpecification\",\"valueRequired\":true,\"valueName\":\"search_term_string\"}}],\"inLanguage\":\"zh-Hans\"},{\"@type\":\"Organization\",\"@id\":\"https:\\\/\\\/vinosdelaluz.com\\\/zh-hans\\\/#organization\",\"name\":\"Vinos de La Luz\",\"url\":\"https:\\\/\\\/vinosdelaluz.com\\\/zh-hans\\\/\",\"logo\":{\"@type\":\"ImageObject\",\"inLanguage\":\"zh-Hans\",\"@id\":\"https:\\\/\\\/vinosdelaluz.com\\\/zh-hans\\\/#\\\/schema\\\/logo\\\/image\\\/\",\"url\":\"https:\\\/\\\/vinosdelaluz.com\\\/wp-content\\\/uploads\\\/2023\\\/02\\\/vinosDelLaLuz.svg\",\"contentUrl\":\"https:\\\/\\\/vinosdelaluz.com\\\/wp-content\\\/uploads\\\/2023\\\/02\\\/vinosDelLaLuz.svg\",\"width\":308,\"height\":328,\"caption\":\"Vinos de La Luz\"},\"image\":{\"@id\":\"https:\\\/\\\/vinosdelaluz.com\\\/zh-hans\\\/#\\\/schema\\\/logo\\\/image\\\/\"}}]}<\/script>\n<!-- \/ Yoast SEO plugin. -->","yoast_head_json":{"title":"\u997c\u5e72\u653f\u7b56 - Vinos de La Luz","robots":{"index":"noindex","follow":"nofollow"},"og_locale":"zh_CN","og_type":"article","og_title":"\u997c\u5e72\u653f\u7b56 - Vinos de La Luz","og_description":"\u997c\u5e72\u653f\u7b56 En la web https:\/\/vinosde&hellip;","og_url":"https:\/\/vinosdelaluz.com\/zh-hans\/%e9%a5%bc%e5%b9%b2%e6%94%bf%e7%ad%96\/","og_site_name":"Vinos de La Luz","article_modified_time":"2026-03-11T12:44:33+00:00","twitter_card":"summary_large_image","twitter_misc":{"\u9884\u8ba1\u9605\u8bfb\u65f6\u95f4":"1 \u5206"},"schema":{"@context":"https:\/\/schema.org","@graph":[{"@type":"WebPage","@id":"https:\/\/vinosdelaluz.com\/zh-hans\/%e9%a5%bc%e5%b9%b2%e6%94%bf%e7%ad%96\/","url":"https:\/\/vinosdelaluz.com\/zh-hans\/%e9%a5%bc%e5%b9%b2%e6%94%bf%e7%ad%96\/","name":"\u997c\u5e72\u653f\u7b56 - Vinos de La Luz","isPartOf":{"@id":"https:\/\/vinosdelaluz.com\/zh-hans\/#website"},"datePublished":"2023-02-08T10:02:01+00:00","dateModified":"2026-03-11T12:44:33+00:00","breadcrumb":{"@id":"https:\/\/vinosdelaluz.com\/zh-hans\/%e9%a5%bc%e5%b9%b2%e6%94%bf%e7%ad%96\/#breadcrumb"},"inLanguage":"zh-Hans","potentialAction":[{"@type":"ReadAction","target":["https:\/\/vinosdelaluz.com\/zh-hans\/%e9%a5%bc%e5%b9%b2%e6%94%bf%e7%ad%96\/"]}]},{"@type":"BreadcrumbList","@id":"https:\/\/vinosdelaluz.com\/zh-hans\/%e9%a5%bc%e5%b9%b2%e6%94%bf%e7%ad%96\/#breadcrumb","itemListElement":[{"@type":"ListItem","position":1,"name":"Inicio","item":"https:\/\/vinosdelaluz.com\/zh-hans\/%e9%a6%96%e9%a1%b5\/"},{"@type":"ListItem","position":2,"name":"\u997c\u5e72\u653f\u7b56"}]},{"@type":"WebSite","@id":"https:\/\/vinosdelaluz.com\/zh-hans\/#website","url":"https:\/\/vinosdelaluz.com\/zh-hans\/","name":"Vinos de La Luz","description":"Grupo vitivin\u00edcola que cuenta con bodegas productoras de vinos con nombre propio y calidad \u00fanica, en las regiones m\u00e1s destacadas del viejo y nuevo mundo","publisher":{"@id":"https:\/\/vinosdelaluz.com\/zh-hans\/#organization"},"potentialAction":[{"@type":"SearchAction","target":{"@type":"EntryPoint","urlTemplate":"https:\/\/vinosdelaluz.com\/zh-hans\/?s={search_term_string}"},"query-input":{"@type":"PropertyValueSpecification","valueRequired":true,"valueName":"search_term_string"}}],"inLanguage":"zh-Hans"},{"@type":"Organization","@id":"https:\/\/vinosdelaluz.com\/zh-hans\/#organization","name":"Vinos de La Luz","url":"https:\/\/vinosdelaluz.com\/zh-hans\/","logo":{"@type":"ImageObject","inLanguage":"zh-Hans","@id":"https:\/\/vinosdelaluz.com\/zh-hans\/#\/schema\/logo\/image\/","url":"https:\/\/vinosdelaluz.com\/wp-content\/uploads\/2023\/02\/vinosDelLaLuz.svg","contentUrl":"https:\/\/vinosdelaluz.com\/wp-content\/uploads\/2023\/02\/vinosDelLaLuz.svg","width":308,"height":328,"caption":"Vinos de La Luz"},"image":{"@id":"https:\/\/vinosdelaluz.com\/zh-hans\/#\/schema\/logo\/image\/"}}]}},"_links":{"self":[{"href":"https:\/\/vinosdelaluz.com\/zh-hans\/wp-json\/wp\/v2\/pages\/20479","targetHints":{"allow":["GET"]}}],"collection":[{"href":"https:\/\/vinosdelaluz.com\/zh-hans\/wp-json\/wp\/v2\/pages"}],"about":[{"href":"https:\/\/vinosdelaluz.com\/zh-hans\/wp-json\/wp\/v2\/types\/page"}],"author":[{"embeddable":true,"href":"https:\/\/vinosdelaluz.com\/zh-hans\/wp-json\/wp\/v2\/users\/1"}],"replies":[{"embeddable":true,"href":"https:\/\/vinosdelaluz.com\/zh-hans\/wp-json\/wp\/v2\/comments?post=20479"}],"version-history":[{"count":6,"href":"https:\/\/vinosdelaluz.com\/zh-hans\/wp-json\/wp\/v2\/pages\/20479\/revisions"}],"predecessor-version":[{"id":26335,"href":"https:\/\/vinosdelaluz.com\/zh-hans\/wp-json\/wp\/v2\/pages\/20479\/revisions\/26335"}],"wp:attachment":[{"href":"https:\/\/vinosdelaluz.com\/zh-hans\/wp-json\/wp\/v2\/media?parent=20479"}],"curies":[{"name":"wp","href":"https:\/\/api.w.org\/{rel}","templated":true}]}}