{"id":20410,"date":"2023-02-08T10:02:01","date_gmt":"2023-02-08T10:02:01","guid":{"rendered":"https:\/\/vinosdelaluz.com\/%e6%b3%95%e5%be%8b%e9%80%9a%e7%9f%a5\/"},"modified":"2026-03-10T15:14:26","modified_gmt":"2026-03-10T15:14:26","slug":"%e6%b3%95%e5%be%8b%e9%80%9a%e7%9f%a5","status":"publish","type":"page","link":"https:\/\/vinosdelaluz.com\/zh-hans\/%e6%b3%95%e5%be%8b%e9%80%9a%e7%9f%a5\/","title":{"rendered":"\u6cd5\u5f8b\u901a\u77e5"},"content":{"rendered":"\n<h1 class=\"wp-block-heading\">\u6cd5\u5f8b\u901a\u77e5<\/h1>\n\n<p>\u5728\u672c\u6cd5\u5f8b\u58f0\u660e\u4e2d\uff0c\u7528\u6237\u53ef\u4ee5\u627e\u5230\u6240\u6709\u4e0e\u6cd5\u5f8b\u6761\u4ef6\u6709\u5173\u7684\u4fe1\u606f\uff0c\u8fd9\u4e9b\u6cd5\u5f8b\u6761\u4ef6\u89c4\u5b9a\u4e86\u7528\u6237\u4e0e\u7f51\u7ad9\u8d1f\u8d23 \u4eba\u4e4b\u95f4\u7684\u5173\u7cfb\uff0c\u7f51\u7ad9\u7f51\u5740\u4e3a https:\/\/vinosdelaluz.com\uff08\u4ee5\u4e0b\u7b80\u79f0 &#8220;\u7f51\u7ad9&#8221;\uff09\uff0cVinos de la Luz \u7f51\u7ad9\u5411\u4e92\u8054\u7f51\u7528\u6237\u63d0\u4f9b\u8fd9\u4e9b\u4fe1\u606f\u3002<br\/>\u4f7f\u7528\u7f51\u7ad9\u610f\u5473\u7740\u5b8c\u5168\u548c\u6beb\u65e0\u4fdd\u7559\u5730\u63a5\u53d7\u672c\u6cd5\u5f8b\u58f0\u660e\u4e2d\u7684\u6bcf\u4e00\u9879\u89c4\u5b9a\u3002 \u56e0\u6b64\uff0c\u7f51\u7ad9\u7528\u6237\u6bcf\u6b21\u6253\u7b97\u4f7f\u7528\u672c\u7f51\u7ad9\u65f6\uff0c\u90fd\u5fc5\u987b\u4ed4\u7ec6\u9605\u8bfb\u672c\u6cd5\u5f8b\u58f0\u660e\uff0c\u56e0\u4e3a\u7f51\u7ad9\u6240\u6709\u8005\u53ef\u80fd\u4f1a\u914c\u60c5\u4fee\u6539\u6587\u672c\uff0c\u6216\u8005\u7531\u4e8e\u7acb\u6cd5\u3001\u6cd5\u5b66\u6216\u5546\u4e1a\u60ef\u4f8b\u7684\u53d8\u5316\u800c\u4fee\u6539\u3002<\/p>\n\n<h2 class=\"wp-block-heading\">1.- \u7f51\u7ad9\u8d1f\u8d23\u4eba\u7684\u8be6\u7ec6\u8d44\u6599\u3002<\/h2>\n\n<p>\u6240\u6709\u8005\u540d\u79f0\uff1aLA LUZ DEL DUERO SL<br\/>\u6ce8\u518c\u529e\u4e8b\u5904\uff1aCARRETERA DE MELIDA KM 3,5<br\/>\u589e\u503c\u7a0e\u53f7\uff1aB47301205<br\/>\u8054\u7cfb\u7535\u8bdd\uff1a<a href=\"tel:983878007\">983 878 007<\/a><br\/>\u7535\u5b50\u90ae\u4ef6\uff1a<a href=\"mailto:info@vinosdelaluz.com\">info@vinosdelaluz.com<\/a><\/p>\n\n<p>LA LUZ DEL DUERO SL \u5bf9\u672c\u7f51\u7ad9\u8d1f\u8d23\uff0c\u5e76\u627f\u8bfa\u9075\u5b88\u56fd\u5bb6\u548c\u6b27\u6d32\u6709\u5173\u7528\u6237\u4e2a\u4eba\u6570\u636e\u4f7f\u7528\u7684\u6240\u6709\u89c4\u5b9a\u3002<\/p>\n\n<p>\u672c\u7f51\u7ad9\u6839\u636e2016\u5e744\u670827\u65e5\u6b27\u6d32\u8bae\u4f1a\u548c\u7406\u4e8b\u4f1a\u7684\u300a\u901a\u7528\u4e2a\u4eba\u6570\u636e\u4fdd\u62a4\u6761\u4f8b\u300b\uff08EU\uff092016\/679\u3001\u5173\u4e8e\u4fdd\u62a4\u4e2a\u4eba\u6570\u636e\u548c\u4fdd\u969c\u6570\u5b57\u6743\u5229\u7684\u7b2c3\/2018\u53f7\u7ec4\u7ec7\u6cd5\u4ee5\u53ca7\u670811\u65e5\u7684\u300a\u4fe1\u606f\u793e\u4f1a\u670d\u52a1\u548c\u7535\u5b50\u5546\u52a1\u6cd5\u300b34\/2002\uff08LSSI-CE\uff09\u7684\u89c4\u5b9a\uff0c\u4fdd\u8bc1\u5bf9\u63d0\u4f9b\u7ed9\u6211\u4eec\u7684\u4e2a\u4eba\u6570\u636e\u7684\u4fdd\u62a4\u548c\u4fdd\u5bc6\u6027\u3002<\/p>\n\n<h2 class=\"wp-block-heading\">2.- \u76ee\u6807\u3002<\/h2>\n\n<p>\u8be5\u7f51\u7ad9\u4e3a\u7528\u6237\u63d0\u4f9b\u4e86\u7531Vinos de la Luz\u5411\u90a3\u4e9b\u5bf9\u5176\u611f\u5174\u8da3\u7684\u4e2a\u4eba\u6216\u7ec4\u7ec7\u63d0\u4f9b\u7684\u4fe1\u606f\u548c\u670d\u52a1\u3002<\/p>\n\n<p>\u8bbf\u95ee\u548c\u4f7f\u7528\u672c\u7f51\u7ad9\u5373\u8d4b\u4e88\u7f51\u7ad9\u7528\u6237\uff08\u4ee5\u4e0b\u7b80\u79f0 &#8220;\u7528\u6237&#8221;\uff09\u6761\u4ef6\uff0c\u5e76\u610f\u5473\u7740\u63a5\u53d7\u672c\u6cd5\u5f8b\u58f0\u660e\u4e2d\u5305\u542b\u7684\u6240\u6709\u6761\u4ef6\u53ca\u5176\u4fee\u6539\u3002 \u7f51\u7ad9\u670d\u52a1\u7684\u63d0\u4f9b\u4ec5\u9650\u4e8e\u7528\u6237\u8fde\u63a5\u5230\u7f51\u7ad9\u6216\u901a\u8fc7\u7f51\u7ad9\u63d0\u4f9b\u7684\u4efb\u4f55\u670d\u52a1\u7684\u65f6\u95f4\u5185\u3002 \u56e0\u6b64\uff0c\u7528\u6237\u6bcf\u6b21\u4f7f\u7528\u672c\u7f51\u7ad9\u65f6\u90fd\u5fc5\u987b\u4ed4\u7ec6\u9605\u8bfb\u672c\u6cd5\u5f8b\u58f0\u660e\uff0c\u56e0\u4e3a\u672c\u6cd5\u5f8b\u58f0\u660e\u4e2d\u89c4\u5b9a\u7684\u7f51\u7ad9\u53ca\u5176\u4f7f\u7528\u6761\u4ef6\u53ef\u80fd\u4f1a\u53d1\u751f\u53d8\u5316\u3002<\/p>\n\n<h2 class=\"wp-block-heading\">3.- \u8bbf\u95ee\u548c\u4f7f\u7528\u7f51\u7ad9\u3002<\/h2>\n\n<p>3.1.- \u8bbf\u95ee\u548c\u4f7f\u7528\u7f51\u7ad9\u662f\u514d\u8d39\u7684\u3002 <br\/>3.2.- \u7528\u6237\u6ce8\u518c\u3002\u4e00\u822c\u60c5\u51b5\u4e0b\uff0c\u8bbf\u95ee\u548c\u4f7f\u7528\u7f51\u7ad9\u4e0d\u9700\u8981\u7528\u6237\u4e8b\u5148\u8ba2\u9605\u6216\u6ce8\u518c\u3002<br\/>3.3.- \u5728\u4efb\u4f55\u60c5\u51b5\u4e0b\uff0c\u7528\u6237\u4fdd\u8bc1\u5e76\u8d1f\u8d23\u6240\u63d0\u4f9b\u4e2a\u4eba\u8d44\u6599\u7684\u51c6\u786e\u6027\u3001\u6709\u6548\u6027\u548c\u771f\u5b9e\u6027\uff0c\u5e76\u627f\u8bfa\u53ca\u65f6\u66f4\u65b0\u3002  \u7528\u6237\u540c\u610f\u5728\u8054\u7cfb\u6216\u8ba2\u9605\u8868\u683c\u4e2d\u63d0\u4f9b\u5b8c\u6574\u548c\u6b63\u786e\u7684\u4fe1\u606f\u3002<\/p>\n\n<p>\u5728\u4efb\u4f55\u60c5\u51b5\u4e0b\uff0c\u672a\u7ecf\u672a\u6210\u5e74\u4eba\u540c\u610f\uff0c\u4e0d\u5f97\u5411\u5176\u6536\u96c6\u6709\u5173\u5176\u804c\u4e1a\u6216\u8d22\u52a1\u72b6\u51b5\u6216\u5176 \u4ed6\u5bb6\u5ead\u6210\u5458\u9690\u79c1\u7684\u8d44\u6599\u3002 \u5982\u679c\u4f60\u672a\u6ee113\u5c81\uff0c\u5e76\u4e14\u5728\u672a\u901a\u77e5\u7236\u6bcd\u7684\u60c5\u51b5\u4e0b\u8bbf\u95ee\u4e86\u672c\u7f51\u7ad9\uff0c\u4f60\u4e0d\u5f97\u6ce8\u518c\u4e3a\u7528\u6237\u3002<\/p>\n\n<p>\u672c\u7f51\u7ad9\u5c0a\u91cd\u548c\u7167\u987e\u7528\u6237\u7684\u4e2a\u4eba\u6570\u636e\u3002 \u4f5c\u4e3a\u4e00\u4e2a\u7528\u6237\uff0c\u4f60\u5e94\u8be5\u77e5\u9053\u4f60\u7684\u6743\u5229\u5f97\u5230\u4e86\u4fdd\u969c\u3002 <\/p>\n\n<h2 class=\"wp-block-heading\">4.- \u7f51\u7ad9\u7684\u5185\u5bb9\u3002<\/h2>\n\n<p>\u4e1a\u4e3b\u5728\u7f51\u7ad9\u4e0a\u4f7f\u7528\u7684\u8bed\u8a00\u5e94\u662f\u897f\u73ed\u7259\u8bed\u3002 Vinos de la Luz\u5bf9\u7528\u6237\u4e0d\u7406\u89e3\u6216\u4e0d\u7406\u89e3\u7f51\u7ad9\u7684\u8bed\u8a00\u6216\u5176\u540e\u679c\u4e0d\u8d1f\u8d23\u4efb\u3002 <br\/>Vinos de la Luz \u53ef\u4fee\u6539\u5185\u5bb9\uff0c\u6055\u4e0d\u53e6\u884c\u901a\u77e5\uff0c\u4e5f\u53ef\u5220\u9664\u548c\u66f4\u6539\u7f51\u7ad9\u4e0a\u7684\u5185\u5bb9\uff0c\u4ee5\u53ca\u8bbf\u95ee\u8fd9\u4e9b\u5185\u5bb9\u7684\u65b9\u5f0f\uff0c\u800c\u65e0\u9700\u8bf4\u660e\u4efb\u4f55\u7406\u7531\uff0c\u4e5f\u4e0d\u5bf9\u8fd9\u4e9b\u5185\u5bb9\u53ef\u80fd\u5bf9\u7528\u6237\u9020\u6210\u7684\u540e\u679c\u8d1f\u8d23\u3002<br\/>\u7981\u6b62\u5728\u672a\u7ecfVinos de la Luz\u6388\u6743\u7684\u60c5\u51b5\u4e0b\uff0c\u5229\u7528\u7f51\u7ad9\u5185\u5bb9\u63a8\u5e7f\u3001\u51fa\u79df\u6216\u4f20\u64ad\u81ea\u5df1\u6216\u7b2c\u4e09\u65b9\u7684\u5e7f\u544a\u6216\u4fe1\u606f\uff0c\u6216\u4e3a\u6b64\u76ee\u7684\u5229\u7528\u5411\u7528\u6237\u63d0\u4f9b\u7684\u670d\u52a1\u6216\u4fe1\u606f\u53d1\u9001\u5e7f\u544a\u6216\u4fe1\u606f\uff0c\u65e0\u8bba\u4f7f\u7528\u662f\u5426\u514d\u8d39\u3002<br\/>\u7b2c\u4e09\u65b9\u5728\u5176\u7f51\u9875\u4e2d\u52a0\u5165\u7684\u6307\u5411\u672c\u7f51\u7ad9\u7684\u94fe\u63a5\u6216\u8d85\u94fe\u63a5\uff0c\u5c06\u7528\u4e8e\u6253\u5f00\u5b8c\u6574\u7684\u7f51\u9875\uff0c\u4e0d\u80fd\u76f4\u63a5\u6216\u95f4\u63a5\u5730\u8868\u8fbe\u9519\u8bef\u7684\u3001\u4e0d\u51c6\u786e\u7684\u6216\u6df7\u4e71\u7684\u6307\u793a\uff0c\u4e5f\u4e0d\u80fd\u5f15\u8d77\u5bf9Vinos de la Luz\u7684\u4e0d\u516c\u5e73\u6216\u975e\u6cd5\u884c\u4e3a\u3002<\/p>\n\n<h2 class=\"wp-block-heading\">5.- \u5b89\u5168\u63aa\u65bd\u3002<\/h2>\n\n<p>\u7528\u6237\u63d0\u4f9b\u7684\u4e2a\u4eba\u6570\u636e\u53ef\u4ee5\u50a8\u5b58\u5728\u81ea\u52a8\u6570\u636e\u5e93\u4e2d\uff0c\u5176\u6240\u6709\u6743\u5b8c\u5168\u5c5e\u4e8eVinos de la Luz\uff0c\u627f\u62c5\u6240\u6709\u6280\u672f\u3001\u7ec4\u7ec7\u548c\u5b89\u5168\u63aa\u65bd\uff0c\u4ee5\u786e\u4fdd\u5176\u4e2d\u6240\u5305\u542b\u7684\u4fe1\u606f\u7684\u4fdd\u5bc6\u6027\u3001\u5b8c\u6574\u6027\u548c\u8d28\u91cf\uff0c\u7b26\u5408\u73b0\u884c\u7684\u4e2a\u4eba\u6570\u636e\u4fdd\u62a4\u6cd5\u89c4\u7684\u89c4\u5b9a\u3002<\/p>\n\n<h2 class=\"wp-block-heading\">6.- \u8d23\u4efb\u7684\u9650\u5236\u3002<\/h2>\n\n<p>\u5bf9\u7f51\u7ad9\u7684\u8bbf\u95ee\u548c\u5bf9\u5176\u4e2d\u6240\u542b\u4fe1\u606f\u7684\u4efb\u4f55\u672a\u7ecf\u540c\u610f\u7684\u4f7f\u7528\u90fd\u662f\u7528\u6237\u81ea\u5df1\u7684\u8d23\u4efb\u3002 Vinos de la Luz\u4e0d\u5bf9\u56e0\u8fd9\u79cd\u8bbf\u95ee\u6216\u4f7f\u7528\u53ef\u80fd\u4ea7\u751f\u7684\u4efb\u4f55\u540e\u679c\u6216\u635f\u5bb3\u8d1f\u8d23\u3002 Vinos de la Luz \u4e0d\u5bf9\u4ee5\u4e0b\u60c5\u51b5\u9020\u6210\u7684\u5b89\u5168\u9519\u8bef\u6216\u5bf9\u7528\u6237\u8ba1\u7b97\u673a\u7cfb\u7edf\uff08\u786c\u4ef6\u548c\u8f6f\u4ef6\uff09\u6216\u5176\u4e2d\u5b58\u50a8\u7684\u6587\u4ef6\u6216\u6587\u6863\u9020\u6210\u7684\u635f\u574f\u8d1f\u8d23\uff1a<br\/>&#8211; \u7528\u6237\u7528\u4e8e\u8fde\u63a5\u670d\u52a1\u548c\u7f51\u7ad9\u5185\u5bb9\u7684\u8ba1\u7b97\u673a\u4e2d\u5b58\u5728\u75c5\u6bd2\u3002<br\/>&#8211; \u6d4f\u89c8\u5668\u53d1\u751f\u6545\u969c\u3002<br\/>&#8211; \u548c\/\u6216\u4f7f\u7528\u8fc7\u671f\u7684\u7248\u672c\u3002<br\/>Vinos de la Luz\u5bf9\u7eb3\u5165\u7f51\u7edc\u7684\u8d85\u94fe\u63a5\u7684\u53ef\u9760\u6027\u548c\u901f\u5ea6\u4e0d\u8d1f\u8d23\u4efb\uff0c\u56e0\u4e3a\u8fd9\u4e9b\u94fe\u63a5\u662f\u4e3a\u4ed6\u4eba\u6253\u5f00\u7684\u3002 Vinos de la Luz \u4e0d\u4fdd\u8bc1\u8fd9\u4e9b\u94fe\u63a5\u7684\u5b9e\u7528\u6027\uff0c\u4e5f\u4e0d\u5bf9\u7528\u6237\u901a\u8fc7\u8fd9\u4e9b\u94fe\u63a5\u8bbf\u95ee\u7684\u5185\u5bb9\u6216\u670d\u52a1\u6216\u8fd9\u4e9b\u7f51\u7ad9\u7684\u6b63\u5e38\u8fd0\u884c\u8d1f\u8d23\u3002<br\/>Vinos de la Luz \u4e0d\u5bf9\u75c5\u6bd2\u6216\u5176\u4ed6\u8ba1\u7b97\u673a\u7a0b\u5e8f\u635f\u5bb3\u6216\u53ef\u80fd\u635f\u5bb3\u7528\u6237\u8bbf\u95ee\u5176\u7f51\u7ad9\u6216\u901a\u8fc7\u672c\u7f51\u7ad9\u94fe\u63a5\u8bbf\u95ee\u7684\u5176\u4ed6\u7f51\u7ad9\u7684\u7cfb\u7edf\u6216\u8ba1\u7b97\u673a\u8bbe\u5907\u8d1f\u8d23\u3002<\/p>\n\n<h2 class=\"wp-block-heading\">7.- \u4f7f\u7528 &#8220;cookie &#8220;\u6280\u672f\u3002<\/h2>\n\n<p>\u672c\u7f51\u7ad9\u53ef\u80fd\u4f7f\u7528cookies\u6216\u7c7b\u4f3c\u6280\u672f\uff0c\u8fd9\u4e9b\u6280\u672f\u5e94\u53d7Cookies\u653f\u7b56\u89c4\u5b9a\u7684\u7ea6\u675f\uff0c\u53ef\u968f\u65f6\u67e5\u9605\uff0c\u5e76\u5c0a\u91cd\u7528\u6237\u7684\u4fdd\u5bc6\u6027\u548c\u9690\u79c1\uff0c\u662f\u672c\u6cd5\u5f8b\u58f0\u660e\u7684\u4e00\u4e2a\u7ec4\u6210\u90e8\u5206\u3002<\/p>\n\n<h2 class=\"wp-block-heading\">8.-\u5bfc\u822a\u3002<\/h2>\n\n<p>\u4e92\u8054\u7f51\u670d\u52a1\u5668\u53ef\u80fd\u4f1a\u6536\u96c6\u4e0d\u53ef\u8bc6\u522b\u7684\u6570\u636e\uff0c\u5176\u4e2d\u53ef\u80fd\u5305\u62ecIP\u5730\u5740\u548c\u5176\u4ed6\u4e0d\u80fd\u7528\u6765\u8bc6\u522b\u7528\u6237\u7684\u6570\u636e\u3002 \u60a8\u7684IP\u5730\u5740\u5c06\u88ab\u81ea\u52a8\u50a8\u5b58\u5728\u8bbf\u95ee\u65e5\u5fd7\u4e2d\uff0c\u5176\u552f\u4e00\u76ee\u7684\u662f\u5b9e\u73b0\u4e92\u8054\u7f51\u8f6c\u63a5\uff0c\u5f53\u60a8\u6d4f\u89c8\u4e92\u8054\u7f51\u65f6\uff0c\u60a8\u7684\u8ba1\u7b97\u673a\u6709\u5fc5\u8981\u63d0\u4f9b\u8fd9\u4e2aIP\u5730\u5740\uff0c\u4ee5\u4fbf\u8fdb\u884c\u901a\u4fe1\u3002 \u540c\u6837\uff0cIP\u5730\u5740\u4e5f\u53ef\u7528\u4e8e\u4ee5\u533f\u540d\u65b9\u5f0f\u7edf\u8ba1\u672c\u7f51\u7ad9\u7684\u8bbf\u95ee\u8005\u6570\u91cf\u53ca\u5176\u6765\u6e90\uff0c\u5176\u65b9\u5f0f\u5bf9\u8bbf\u95ee\u8005\u7684\u6d4f\u89c8\u5b8c\u5168\u900f\u660e\u3002  <\/p>\n\n<h2 class=\"wp-block-heading\">9.- \u77e5\u8bc6\u4ea7\u6743\u548c\u5de5\u4e1a\u4ea7\u6743<\/h2>\n\n<p>\u7528\u6237\u77e5\u9053\u5e76\u63a5\u53d7\u7f51\u7ad9\u7684\u6240\u6709\u5185\u5bb9\u548c\/\u6216\u4efb\u4f55\u5176\u4ed6\u5143\u7d20\u90fd\u5c5e\u4e8eVinos de la Luz\uff0c\u5e76\u540c\u610f\u5c0a\u91cdVinos de la Luz\u62e5\u6709\u7684\u77e5\u8bc6\u4ea7\u6743\u3002 <br\/>Vinos de la Luz\u72ec\u5bb6\u4fdd\u7559\u5bf9\u672c\u7f51\u7ad9\u6216\u5176\u5185\u5bb9\u7684\u5168\u90e8\u6216\u90e8\u5206\u62f7\u8d1d\u3001\u590d\u5236\u3001\u5206\u53d1\u3001\u8f6c\u6362\u3001\u516c\u5f00\u4f20\u64ad\u6216\u4efb\u4f55\u5176\u4ed6\u7c7b\u4f3c\u884c\u4e3a\u7684\u4f7f\u7528\u6743\uff0c\u672a\u7ecfVinos de la Luz\u4e8b\u5148\u4e66\u9762\u8bb8\u53ef\uff0c\u4efb\u4f55\u7528\u6237\u4e0d\u5f97\u8fdb\u884c\u4e0a\u8ff0\u884c\u4e3a\u3002<\/p>\n\n<h2 class=\"wp-block-heading\">10.- \u9002\u7528\u6cd5\u5f8b\u548c\u7ba1\u8f96\u8303\u56f4<\/h2>\n\n<p>\u672c\u6cd5\u5f8b\u58f0\u660e\u5e94\u6839\u636e\u897f\u73ed\u7259\u6cd5\u5f8b\u8fdb\u884c\u89e3\u91ca\u548c\u7ba1\u7406\u3002 Vinos de la Luz\u548c\u7528\u6237\uff0c\u660e\u786e\u653e\u5f03\u4efb\u4f55\u53ef\u80fd\u9002\u7528\u7684\u5176\u4ed6\u7ba1\u8f96\u6743\uff0c\u5bf9\u4e8e\u4efb\u4f55\u53ef\u80fd\u56e0\u8bbf\u95ee\u6216\u4f7f\u7528\u672c\u7f51\u7ad9\u800c\u4ea7\u751f\u7684\u4e89\u8bae\uff0c\u5747\u7531\u7528\u6237\u4f4f\u6240\u5730\u6cd5\u9662\u5904\u7406\u3002 \u5982\u679c\u7528\u6237\u7684\u4f4f\u6240\u5728\u897f\u73ed\u7259\u4ee5\u5916\uff0cVinos de la Luz\u548c\u7528\u6237\u660e\u786e\u653e\u5f03\u4efb\u4f55\u5176\u4ed6\u7ba1\u8f96\u6743\uff0c\u63d0\u4ea4\u7ed9PE\u00d1AFIEL\u4f4f\u6240\u5730\u7684\u6cd5\u9662\u3002  <\/p>\n\n<p><\/p>\n","protected":false},"excerpt":{"rendered":"<p>\u6cd5\u5f8b\u901a\u77e5 \u5728\u672c\u6cd5\u5f8b\u58f0\u660e\u4e2d\uff0c\u7528\u6237\u53ef\u4ee5\u627e\u5230\u6240\u6709\u4e0e\u6cd5\u5f8b\u6761\u4ef6\u6709\u5173\u7684\u4fe1&hellip;<\/p>\n","protected":false},"author":1,"featured_media":0,"parent":0,"menu_order":0,"comment_status":"closed","ping_status":"closed","template":"","meta":{"footnotes":""},"class_list":["post-20410","page","type-page","status-publish","hentry"],"yoast_head":"<!-- This site is optimized with the Yoast SEO plugin v27.3 - https:\/\/yoast.com\/product\/yoast-seo-wordpress\/ -->\n<title>\u6cd5\u5f8b\u901a\u77e5 - Vinos de La Luz<\/title>\n<meta name=\"robots\" content=\"noindex, nofollow\" \/>\n<meta property=\"og:locale\" content=\"zh_CN\" \/>\n<meta property=\"og:type\" content=\"article\" \/>\n<meta property=\"og:title\" content=\"\u6cd5\u5f8b\u901a\u77e5 - Vinos de La Luz\" \/>\n<meta property=\"og:description\" content=\"\u6cd5\u5f8b\u901a\u77e5 \u5728\u672c\u6cd5\u5f8b\u58f0\u660e\u4e2d\uff0c\u7528\u6237\u53ef\u4ee5\u627e\u5230\u6240\u6709\u4e0e\u6cd5\u5f8b\u6761\u4ef6\u6709\u5173\u7684\u4fe1&hellip;\" \/>\n<meta property=\"og:url\" content=\"https:\/\/vinosdelaluz.com\/zh-hans\/%e6%b3%95%e5%be%8b%e9%80%9a%e7%9f%a5\/\" \/>\n<meta property=\"og:site_name\" content=\"Vinos de La Luz\" \/>\n<meta property=\"article:modified_time\" content=\"2026-03-10T15:14:26+00:00\" \/>\n<meta name=\"twitter:card\" content=\"summary_large_image\" \/>\n<meta name=\"twitter:label1\" content=\"\u9884\u8ba1\u9605\u8bfb\u65f6\u95f4\" \/>\n\t<meta name=\"twitter:data1\" content=\"1 \u5206\" \/>\n<script type=\"application\/ld+json\" class=\"yoast-schema-graph\">{\"@context\":\"https:\\\/\\\/schema.org\",\"@graph\":[{\"@type\":\"WebPage\",\"@id\":\"https:\\\/\\\/vinosdelaluz.com\\\/zh-hans\\\/%e6%b3%95%e5%be%8b%e9%80%9a%e7%9f%a5\\\/\",\"url\":\"https:\\\/\\\/vinosdelaluz.com\\\/zh-hans\\\/%e6%b3%95%e5%be%8b%e9%80%9a%e7%9f%a5\\\/\",\"name\":\"\u6cd5\u5f8b\u901a\u77e5 - Vinos de La Luz\",\"isPartOf\":{\"@id\":\"https:\\\/\\\/vinosdelaluz.com\\\/zh-hans\\\/#website\"},\"datePublished\":\"2023-02-08T10:02:01+00:00\",\"dateModified\":\"2026-03-10T15:14:26+00:00\",\"breadcrumb\":{\"@id\":\"https:\\\/\\\/vinosdelaluz.com\\\/zh-hans\\\/%e6%b3%95%e5%be%8b%e9%80%9a%e7%9f%a5\\\/#breadcrumb\"},\"inLanguage\":\"zh-Hans\",\"potentialAction\":[{\"@type\":\"ReadAction\",\"target\":[\"https:\\\/\\\/vinosdelaluz.com\\\/zh-hans\\\/%e6%b3%95%e5%be%8b%e9%80%9a%e7%9f%a5\\\/\"]}]},{\"@type\":\"BreadcrumbList\",\"@id\":\"https:\\\/\\\/vinosdelaluz.com\\\/zh-hans\\\/%e6%b3%95%e5%be%8b%e9%80%9a%e7%9f%a5\\\/#breadcrumb\",\"itemListElement\":[{\"@type\":\"ListItem\",\"position\":1,\"name\":\"Inicio\",\"item\":\"https:\\\/\\\/vinosdelaluz.com\\\/zh-hans\\\/%e9%a6%96%e9%a1%b5\\\/\"},{\"@type\":\"ListItem\",\"position\":2,\"name\":\"\u6cd5\u5f8b\u901a\u77e5\"}]},{\"@type\":\"WebSite\",\"@id\":\"https:\\\/\\\/vinosdelaluz.com\\\/zh-hans\\\/#website\",\"url\":\"https:\\\/\\\/vinosdelaluz.com\\\/zh-hans\\\/\",\"name\":\"Vinos de La Luz\",\"description\":\"Grupo vitivin\u00edcola que cuenta con bodegas productoras de vinos con nombre propio y calidad \u00fanica, en las regiones m\u00e1s destacadas del viejo y nuevo mundo\",\"publisher\":{\"@id\":\"https:\\\/\\\/vinosdelaluz.com\\\/zh-hans\\\/#organization\"},\"potentialAction\":[{\"@type\":\"SearchAction\",\"target\":{\"@type\":\"EntryPoint\",\"urlTemplate\":\"https:\\\/\\\/vinosdelaluz.com\\\/zh-hans\\\/?s={search_term_string}\"},\"query-input\":{\"@type\":\"PropertyValueSpecification\",\"valueRequired\":true,\"valueName\":\"search_term_string\"}}],\"inLanguage\":\"zh-Hans\"},{\"@type\":\"Organization\",\"@id\":\"https:\\\/\\\/vinosdelaluz.com\\\/zh-hans\\\/#organization\",\"name\":\"Vinos de La Luz\",\"url\":\"https:\\\/\\\/vinosdelaluz.com\\\/zh-hans\\\/\",\"logo\":{\"@type\":\"ImageObject\",\"inLanguage\":\"zh-Hans\",\"@id\":\"https:\\\/\\\/vinosdelaluz.com\\\/zh-hans\\\/#\\\/schema\\\/logo\\\/image\\\/\",\"url\":\"https:\\\/\\\/vinosdelaluz.com\\\/wp-content\\\/uploads\\\/2023\\\/02\\\/vinosDelLaLuz.svg\",\"contentUrl\":\"https:\\\/\\\/vinosdelaluz.com\\\/wp-content\\\/uploads\\\/2023\\\/02\\\/vinosDelLaLuz.svg\",\"width\":308,\"height\":328,\"caption\":\"Vinos de La Luz\"},\"image\":{\"@id\":\"https:\\\/\\\/vinosdelaluz.com\\\/zh-hans\\\/#\\\/schema\\\/logo\\\/image\\\/\"}}]}<\/script>\n<!-- \/ Yoast SEO plugin. -->","yoast_head_json":{"title":"\u6cd5\u5f8b\u901a\u77e5 - Vinos de La Luz","robots":{"index":"noindex","follow":"nofollow"},"og_locale":"zh_CN","og_type":"article","og_title":"\u6cd5\u5f8b\u901a\u77e5 - Vinos de La Luz","og_description":"\u6cd5\u5f8b\u901a\u77e5 \u5728\u672c\u6cd5\u5f8b\u58f0\u660e\u4e2d\uff0c\u7528\u6237\u53ef\u4ee5\u627e\u5230\u6240\u6709\u4e0e\u6cd5\u5f8b\u6761\u4ef6\u6709\u5173\u7684\u4fe1&hellip;","og_url":"https:\/\/vinosdelaluz.com\/zh-hans\/%e6%b3%95%e5%be%8b%e9%80%9a%e7%9f%a5\/","og_site_name":"Vinos de La Luz","article_modified_time":"2026-03-10T15:14:26+00:00","twitter_card":"summary_large_image","twitter_misc":{"\u9884\u8ba1\u9605\u8bfb\u65f6\u95f4":"1 \u5206"},"schema":{"@context":"https:\/\/schema.org","@graph":[{"@type":"WebPage","@id":"https:\/\/vinosdelaluz.com\/zh-hans\/%e6%b3%95%e5%be%8b%e9%80%9a%e7%9f%a5\/","url":"https:\/\/vinosdelaluz.com\/zh-hans\/%e6%b3%95%e5%be%8b%e9%80%9a%e7%9f%a5\/","name":"\u6cd5\u5f8b\u901a\u77e5 - Vinos de La Luz","isPartOf":{"@id":"https:\/\/vinosdelaluz.com\/zh-hans\/#website"},"datePublished":"2023-02-08T10:02:01+00:00","dateModified":"2026-03-10T15:14:26+00:00","breadcrumb":{"@id":"https:\/\/vinosdelaluz.com\/zh-hans\/%e6%b3%95%e5%be%8b%e9%80%9a%e7%9f%a5\/#breadcrumb"},"inLanguage":"zh-Hans","potentialAction":[{"@type":"ReadAction","target":["https:\/\/vinosdelaluz.com\/zh-hans\/%e6%b3%95%e5%be%8b%e9%80%9a%e7%9f%a5\/"]}]},{"@type":"BreadcrumbList","@id":"https:\/\/vinosdelaluz.com\/zh-hans\/%e6%b3%95%e5%be%8b%e9%80%9a%e7%9f%a5\/#breadcrumb","itemListElement":[{"@type":"ListItem","position":1,"name":"Inicio","item":"https:\/\/vinosdelaluz.com\/zh-hans\/%e9%a6%96%e9%a1%b5\/"},{"@type":"ListItem","position":2,"name":"\u6cd5\u5f8b\u901a\u77e5"}]},{"@type":"WebSite","@id":"https:\/\/vinosdelaluz.com\/zh-hans\/#website","url":"https:\/\/vinosdelaluz.com\/zh-hans\/","name":"Vinos de La Luz","description":"Grupo vitivin\u00edcola que cuenta con bodegas productoras de vinos con nombre propio y calidad \u00fanica, en las regiones m\u00e1s destacadas del viejo y nuevo mundo","publisher":{"@id":"https:\/\/vinosdelaluz.com\/zh-hans\/#organization"},"potentialAction":[{"@type":"SearchAction","target":{"@type":"EntryPoint","urlTemplate":"https:\/\/vinosdelaluz.com\/zh-hans\/?s={search_term_string}"},"query-input":{"@type":"PropertyValueSpecification","valueRequired":true,"valueName":"search_term_string"}}],"inLanguage":"zh-Hans"},{"@type":"Organization","@id":"https:\/\/vinosdelaluz.com\/zh-hans\/#organization","name":"Vinos de La Luz","url":"https:\/\/vinosdelaluz.com\/zh-hans\/","logo":{"@type":"ImageObject","inLanguage":"zh-Hans","@id":"https:\/\/vinosdelaluz.com\/zh-hans\/#\/schema\/logo\/image\/","url":"https:\/\/vinosdelaluz.com\/wp-content\/uploads\/2023\/02\/vinosDelLaLuz.svg","contentUrl":"https:\/\/vinosdelaluz.com\/wp-content\/uploads\/2023\/02\/vinosDelLaLuz.svg","width":308,"height":328,"caption":"Vinos de La Luz"},"image":{"@id":"https:\/\/vinosdelaluz.com\/zh-hans\/#\/schema\/logo\/image\/"}}]}},"_links":{"self":[{"href":"https:\/\/vinosdelaluz.com\/zh-hans\/wp-json\/wp\/v2\/pages\/20410","targetHints":{"allow":["GET"]}}],"collection":[{"href":"https:\/\/vinosdelaluz.com\/zh-hans\/wp-json\/wp\/v2\/pages"}],"about":[{"href":"https:\/\/vinosdelaluz.com\/zh-hans\/wp-json\/wp\/v2\/types\/page"}],"author":[{"embeddable":true,"href":"https:\/\/vinosdelaluz.com\/zh-hans\/wp-json\/wp\/v2\/users\/1"}],"replies":[{"embeddable":true,"href":"https:\/\/vinosdelaluz.com\/zh-hans\/wp-json\/wp\/v2\/comments?post=20410"}],"version-history":[{"count":7,"href":"https:\/\/vinosdelaluz.com\/zh-hans\/wp-json\/wp\/v2\/pages\/20410\/revisions"}],"predecessor-version":[{"id":26289,"href":"https:\/\/vinosdelaluz.com\/zh-hans\/wp-json\/wp\/v2\/pages\/20410\/revisions\/26289"}],"wp:attachment":[{"href":"https:\/\/vinosdelaluz.com\/zh-hans\/wp-json\/wp\/v2\/media?parent=20410"}],"curies":[{"name":"wp","href":"https:\/\/api.w.org\/{rel}","templated":true}]}}