{"id":19356,"date":"2020-02-05T19:20:41","date_gmt":"2020-02-05T19:20:41","guid":{"rendered":"https:\/\/vinosdelaluz.com\/producto\/gran-callejon-del-crimen-winemaker-selection-2016-argentina\/"},"modified":"2025-11-06T14:40:59","modified_gmt":"2025-11-06T14:40:59","slug":"gran-callejon-del-crimen-winemaker-selection-2017-argentina","status":"publish","type":"product","link":"https:\/\/vinosdelaluz.com\/en\/producto\/gran-callejon-del-crimen-winemaker-selection-2017-argentina\/","title":{"rendered":"Gran Callej\u00f3n del Crimen Winemaker Selection 2017"},"content":{"rendered":"<p style=\"margin: 0cm; margin-bottom: .0001pt;\"><b><span style=\"font-size: 11pt; font-family: Calibri, sans-serif;\">Vi\u00f1edo: <\/span><\/b><span style=\"font-size: 11pt; font-family: Calibri, sans-serif;\">Suelos aluviales con canto rodado, rico en carbonato de calcio.<\/span><\/p>\n<p style=\"margin: 0cm; margin-bottom: .0001pt;\"><b><span style=\"font-size: 11pt; font-family: Calibri, sans-serif;\">Variedad de suelos: <\/span><\/b><span style=\"font-size: 11pt; font-family: Calibri, sans-serif;\">20% IG. Paraje Altamira 1.100 msnm. &#8211; 20% Vista Flores 1000 msnl. 60% Gualtallary 1.350 msnm.<\/span><\/p>\n<p style=\"margin: 0cm; margin-bottom: .0001pt;\"><b><span style=\"font-size: 11pt; font-family: Calibri, sans-serif;\">Varietales: <\/span><\/b><span style=\"font-size: 11pt; font-family: Calibri, sans-serif;\">85% Malbec &#8211; 10% Petit Verdot &#8211; 5% Merlot.<\/span><\/p>\n<p style=\"margin: 0cm; margin-bottom: .0001pt;\"><b><span style=\"font-size: 11pt; font-family: Calibri, sans-serif;\">Crianza: <\/span><\/b><span style=\"font-size: 11pt; font-family: Calibri, sans-serif;\">12 meses en barricas de roble franc\u00e9s.<\/span><\/p>\n<p style=\"margin: 0cm; margin-bottom: .0001pt;\"><b><span style=\"font-size: 11pt; font-family: Calibri, sans-serif;\">Producci\u00f3n: <\/span><\/b><span style=\"font-size: 11pt; font-family: Calibri, sans-serif;\">12.000 botellas.<\/span><\/p>\n<p style=\"margin: 0cm; margin-bottom: .0001pt;\"><strong><span style=\"font-size: 11pt; font-family: Calibri, sans-serif;\">Grado Alcoh\u00f3lico:\u00a0<\/span><\/strong><span style=\"font-size: 11pt; font-family: Calibri, sans-serif;\">14,3 % Vol.<\/span><\/p>\n<p style=\"margin: 0cm; margin-bottom: .0001pt;\"><strong><span style=\"font-size: 11pt; font-family: Calibri, sans-serif;\">Capacidad:\u00a0<\/span><\/strong><span style=\"font-size: 11pt; font-family: Calibri, sans-serif;\">0,75 cl.<\/span><\/p>\n<p><strong><span style=\"font-size: 11pt; font-family: Calibri, sans-serif;\">Valle de Uco, Mendoza<\/span><\/strong><\/p>\n<p><span style=\"font-family: Calibri, sans-serif;\"><span style=\"font-size: 14.6667px;\"><b>PREMIOS<\/b><\/span><\/span><\/p>\n<ul style=\"list-style-type: circle;\">\n<li><strong><span style=\"font-family: Calibri, sans-serif;\"><span style=\"font-size: 14.6667px;\">Medalla de Oro Berliner Wein Trophy<\/span><\/span><\/strong><\/li>\n<li><strong><span style=\"font-family: Calibri, sans-serif;\"><span style=\"font-size: 14.6667px;\">Medalla de Oro Challenge International Du Vin (France)<\/span><\/span><\/strong><\/li>\n<li><strong><span style=\"font-family: Calibri, sans-serif;\"><span style=\"font-size: 14.6667px;\">Medalla de Plata Concours Mondial de Bruxelles<\/span><\/span><\/strong><\/li>\n<li><strong><span style=\"font-family: Calibri, sans-serif;\"><span style=\"font-size: 14.6667px;\">93 puntos Tim Atkin<\/span><\/span><\/strong><\/li>\n<li><strong><span style=\"font-family: Calibri, sans-serif;\"><span style=\"font-size: 14.6667px;\">91 puntos\u00a0Stephen Tanzer<\/span><\/span><\/strong><\/li>\n<\/ul>\n","protected":false},"excerpt":{"rendered":"<p>Blend varietal: Malbec, Petit Verdot y Merlot.<\/p>\n","protected":false},"featured_media":24286,"comment_status":"closed","ping_status":"closed","template":"","meta":[],"product_brand":[],"product_cat":[232,321,236,235,231],"product_tag":[],"class_list":{"0":"post-19356","1":"product","2":"type-product","3":"status-publish","4":"has-post-thumbnail","6":"product_cat-bodegas","7":"product_cat-callejon-del-crimen","8":"product_cat-la-luz-del-vino-argentina","9":"product_cat-tintos","10":"product_cat-vinos","11":"pa_location-297","13":"first","14":"instock","15":"taxable","16":"shipping-taxable","17":"purchasable","18":"product-type-simple"},"yoast_head":"<!-- This site is optimized with the Yoast SEO plugin v27.3 - https:\/\/yoast.com\/product\/yoast-seo-wordpress\/ -->\n<title>Gran Callej\u00f3n del Crimen Winemaker Selection 2017 - Vinos de La Luz<\/title>\n<meta name=\"description\" content=\"Gran Callej\u00f3n del Crimen es un blend varietal de malbec, merlot y petit verdot de los vi\u00f1edos de Altamira, Gualtallary y Vista Flores, Valle de Uco, Mendoza.\" \/>\n<meta name=\"robots\" content=\"index, follow, max-snippet:-1, max-image-preview:large, max-video-preview:-1\" \/>\n<link rel=\"canonical\" href=\"https:\/\/vinosdelaluz.com\/en\/producto\/gran-callejon-del-crimen-winemaker-selection-2017-argentina\/\" \/>\n<meta property=\"og:locale\" content=\"en_US\" \/>\n<meta property=\"og:type\" content=\"article\" \/>\n<meta property=\"og:title\" content=\"Gran Callej\u00f3n del Crimen Winemaker Selection 2017 - Vinos de La Luz\" \/>\n<meta property=\"og:description\" content=\"Gran Callej\u00f3n del Crimen es un blend varietal de malbec, merlot y petit verdot de los vi\u00f1edos de Altamira, Gualtallary y Vista Flores, Valle de Uco, Mendoza.\" \/>\n<meta property=\"og:url\" content=\"https:\/\/vinosdelaluz.com\/en\/producto\/gran-callejon-del-crimen-winemaker-selection-2017-argentina\/\" \/>\n<meta property=\"og:site_name\" content=\"Vinos de La Luz\" \/>\n<meta property=\"article:modified_time\" content=\"2025-11-06T14:40:59+00:00\" \/>\n<meta property=\"og:image\" content=\"https:\/\/vinosdelaluz.com\/wp-content\/uploads\/2025\/11\/46.Gran-Callejon.jpg\" \/>\n\t<meta property=\"og:image:width\" content=\"928\" \/>\n\t<meta property=\"og:image:height\" content=\"1120\" \/>\n\t<meta property=\"og:image:type\" content=\"image\/jpeg\" \/>\n<meta name=\"twitter:card\" content=\"summary_large_image\" \/>\n<meta name=\"twitter:label1\" content=\"Est. reading time\" \/>\n\t<meta name=\"twitter:data1\" content=\"1 minute\" \/>\n<script type=\"application\/ld+json\" class=\"yoast-schema-graph\">{\"@context\":\"https:\\\/\\\/schema.org\",\"@graph\":[{\"@type\":\"WebPage\",\"@id\":\"https:\\\/\\\/vinosdelaluz.com\\\/en\\\/producto\\\/gran-callejon-del-crimen-winemaker-selection-2017-argentina\\\/\",\"url\":\"https:\\\/\\\/vinosdelaluz.com\\\/en\\\/producto\\\/gran-callejon-del-crimen-winemaker-selection-2017-argentina\\\/\",\"name\":\"Gran Callej\u00f3n del Crimen Winemaker Selection 2017 - Vinos de La Luz\",\"isPartOf\":{\"@id\":\"https:\\\/\\\/vinosdelaluz.com\\\/en\\\/#website\"},\"primaryImageOfPage\":{\"@id\":\"https:\\\/\\\/vinosdelaluz.com\\\/en\\\/producto\\\/gran-callejon-del-crimen-winemaker-selection-2017-argentina\\\/#primaryimage\"},\"image\":{\"@id\":\"https:\\\/\\\/vinosdelaluz.com\\\/en\\\/producto\\\/gran-callejon-del-crimen-winemaker-selection-2017-argentina\\\/#primaryimage\"},\"thumbnailUrl\":\"https:\\\/\\\/vinosdelaluz.com\\\/wp-content\\\/uploads\\\/2025\\\/11\\\/46.Gran-Callejon.jpg\",\"datePublished\":\"2020-02-05T19:20:41+00:00\",\"dateModified\":\"2025-11-06T14:40:59+00:00\",\"description\":\"Gran Callej\u00f3n del Crimen es un blend varietal de malbec, merlot y petit verdot de los vi\u00f1edos de Altamira, Gualtallary y Vista Flores, Valle de Uco, Mendoza.\",\"breadcrumb\":{\"@id\":\"https:\\\/\\\/vinosdelaluz.com\\\/en\\\/producto\\\/gran-callejon-del-crimen-winemaker-selection-2017-argentina\\\/#breadcrumb\"},\"inLanguage\":\"en-US\",\"potentialAction\":[{\"@type\":\"ReadAction\",\"target\":[\"https:\\\/\\\/vinosdelaluz.com\\\/en\\\/producto\\\/gran-callejon-del-crimen-winemaker-selection-2017-argentina\\\/\"]}]},{\"@type\":\"ImageObject\",\"inLanguage\":\"en-US\",\"@id\":\"https:\\\/\\\/vinosdelaluz.com\\\/en\\\/producto\\\/gran-callejon-del-crimen-winemaker-selection-2017-argentina\\\/#primaryimage\",\"url\":\"https:\\\/\\\/vinosdelaluz.com\\\/wp-content\\\/uploads\\\/2025\\\/11\\\/46.Gran-Callejon.jpg\",\"contentUrl\":\"https:\\\/\\\/vinosdelaluz.com\\\/wp-content\\\/uploads\\\/2025\\\/11\\\/46.Gran-Callejon.jpg\",\"width\":928,\"height\":1120},{\"@type\":\"BreadcrumbList\",\"@id\":\"https:\\\/\\\/vinosdelaluz.com\\\/en\\\/producto\\\/gran-callejon-del-crimen-winemaker-selection-2017-argentina\\\/#breadcrumb\",\"itemListElement\":[{\"@type\":\"ListItem\",\"position\":1,\"name\":\"Home\",\"item\":\"https:\\\/\\\/vinosdelaluz.com\\\/en\\\/home\\\/\"},{\"@type\":\"ListItem\",\"position\":2,\"name\":\"Our store\",\"item\":\"https:\\\/\\\/vinosdelaluz.com\\\/en\\\/our-store\\\/\"},{\"@type\":\"ListItem\",\"position\":3,\"name\":\"Gran Callej\u00f3n del Crimen Winemaker Selection 2017\"}]},{\"@type\":\"WebSite\",\"@id\":\"https:\\\/\\\/vinosdelaluz.com\\\/en\\\/#website\",\"url\":\"https:\\\/\\\/vinosdelaluz.com\\\/en\\\/\",\"name\":\"Vinos de La Luz\",\"description\":\"Wine group with wineries producing wines with their own names and unique quality, in the most prominent regions of the Old and New Worlds.\",\"publisher\":{\"@id\":\"https:\\\/\\\/vinosdelaluz.com\\\/en\\\/#organization\"},\"potentialAction\":[{\"@type\":\"SearchAction\",\"target\":{\"@type\":\"EntryPoint\",\"urlTemplate\":\"https:\\\/\\\/vinosdelaluz.com\\\/en\\\/?s={search_term_string}\"},\"query-input\":{\"@type\":\"PropertyValueSpecification\",\"valueRequired\":true,\"valueName\":\"search_term_string\"}}],\"inLanguage\":\"en-US\"},{\"@type\":\"Organization\",\"@id\":\"https:\\\/\\\/vinosdelaluz.com\\\/en\\\/#organization\",\"name\":\"Vinos de La Luz\",\"url\":\"https:\\\/\\\/vinosdelaluz.com\\\/en\\\/\",\"logo\":{\"@type\":\"ImageObject\",\"inLanguage\":\"en-US\",\"@id\":\"https:\\\/\\\/vinosdelaluz.com\\\/en\\\/#\\\/schema\\\/logo\\\/image\\\/\",\"url\":\"https:\\\/\\\/vinosdelaluz.com\\\/wp-content\\\/uploads\\\/2023\\\/02\\\/vinosDelLaLuz.svg\",\"contentUrl\":\"https:\\\/\\\/vinosdelaluz.com\\\/wp-content\\\/uploads\\\/2023\\\/02\\\/vinosDelLaLuz.svg\",\"width\":308,\"height\":328,\"caption\":\"Vinos de La Luz\"},\"image\":{\"@id\":\"https:\\\/\\\/vinosdelaluz.com\\\/en\\\/#\\\/schema\\\/logo\\\/image\\\/\"}}]}<\/script>\n<!-- \/ Yoast SEO plugin. -->","yoast_head_json":{"title":"Gran Callej\u00f3n del Crimen Winemaker Selection 2017 - Vinos de La Luz","description":"Gran Callej\u00f3n del Crimen es un blend varietal de malbec, merlot y petit verdot de los vi\u00f1edos de Altamira, Gualtallary y Vista Flores, Valle de Uco, Mendoza.","robots":{"index":"index","follow":"follow","max-snippet":"max-snippet:-1","max-image-preview":"max-image-preview:large","max-video-preview":"max-video-preview:-1"},"canonical":"https:\/\/vinosdelaluz.com\/en\/producto\/gran-callejon-del-crimen-winemaker-selection-2017-argentina\/","og_locale":"en_US","og_type":"article","og_title":"Gran Callej\u00f3n del Crimen Winemaker Selection 2017 - Vinos de La Luz","og_description":"Gran Callej\u00f3n del Crimen es un blend varietal de malbec, merlot y petit verdot de los vi\u00f1edos de Altamira, Gualtallary y Vista Flores, Valle de Uco, Mendoza.","og_url":"https:\/\/vinosdelaluz.com\/en\/producto\/gran-callejon-del-crimen-winemaker-selection-2017-argentina\/","og_site_name":"Vinos de La Luz","article_modified_time":"2025-11-06T14:40:59+00:00","og_image":[{"width":928,"height":1120,"url":"https:\/\/vinosdelaluz.com\/wp-content\/uploads\/2025\/11\/46.Gran-Callejon.jpg","type":"image\/jpeg"}],"twitter_card":"summary_large_image","twitter_misc":{"Est. reading time":"1 minute"},"schema":{"@context":"https:\/\/schema.org","@graph":[{"@type":"WebPage","@id":"https:\/\/vinosdelaluz.com\/en\/producto\/gran-callejon-del-crimen-winemaker-selection-2017-argentina\/","url":"https:\/\/vinosdelaluz.com\/en\/producto\/gran-callejon-del-crimen-winemaker-selection-2017-argentina\/","name":"Gran Callej\u00f3n del Crimen Winemaker Selection 2017 - Vinos de La Luz","isPartOf":{"@id":"https:\/\/vinosdelaluz.com\/en\/#website"},"primaryImageOfPage":{"@id":"https:\/\/vinosdelaluz.com\/en\/producto\/gran-callejon-del-crimen-winemaker-selection-2017-argentina\/#primaryimage"},"image":{"@id":"https:\/\/vinosdelaluz.com\/en\/producto\/gran-callejon-del-crimen-winemaker-selection-2017-argentina\/#primaryimage"},"thumbnailUrl":"https:\/\/vinosdelaluz.com\/wp-content\/uploads\/2025\/11\/46.Gran-Callejon.jpg","datePublished":"2020-02-05T19:20:41+00:00","dateModified":"2025-11-06T14:40:59+00:00","description":"Gran Callej\u00f3n del Crimen es un blend varietal de malbec, merlot y petit verdot de los vi\u00f1edos de Altamira, Gualtallary y Vista Flores, Valle de Uco, Mendoza.","breadcrumb":{"@id":"https:\/\/vinosdelaluz.com\/en\/producto\/gran-callejon-del-crimen-winemaker-selection-2017-argentina\/#breadcrumb"},"inLanguage":"en-US","potentialAction":[{"@type":"ReadAction","target":["https:\/\/vinosdelaluz.com\/en\/producto\/gran-callejon-del-crimen-winemaker-selection-2017-argentina\/"]}]},{"@type":"ImageObject","inLanguage":"en-US","@id":"https:\/\/vinosdelaluz.com\/en\/producto\/gran-callejon-del-crimen-winemaker-selection-2017-argentina\/#primaryimage","url":"https:\/\/vinosdelaluz.com\/wp-content\/uploads\/2025\/11\/46.Gran-Callejon.jpg","contentUrl":"https:\/\/vinosdelaluz.com\/wp-content\/uploads\/2025\/11\/46.Gran-Callejon.jpg","width":928,"height":1120},{"@type":"BreadcrumbList","@id":"https:\/\/vinosdelaluz.com\/en\/producto\/gran-callejon-del-crimen-winemaker-selection-2017-argentina\/#breadcrumb","itemListElement":[{"@type":"ListItem","position":1,"name":"Home","item":"https:\/\/vinosdelaluz.com\/en\/home\/"},{"@type":"ListItem","position":2,"name":"Our store","item":"https:\/\/vinosdelaluz.com\/en\/our-store\/"},{"@type":"ListItem","position":3,"name":"Gran Callej\u00f3n del Crimen Winemaker Selection 2017"}]},{"@type":"WebSite","@id":"https:\/\/vinosdelaluz.com\/en\/#website","url":"https:\/\/vinosdelaluz.com\/en\/","name":"Vinos de La Luz","description":"Wine group with wineries producing wines with their own names and unique quality, in the most prominent regions of the Old and New Worlds.","publisher":{"@id":"https:\/\/vinosdelaluz.com\/en\/#organization"},"potentialAction":[{"@type":"SearchAction","target":{"@type":"EntryPoint","urlTemplate":"https:\/\/vinosdelaluz.com\/en\/?s={search_term_string}"},"query-input":{"@type":"PropertyValueSpecification","valueRequired":true,"valueName":"search_term_string"}}],"inLanguage":"en-US"},{"@type":"Organization","@id":"https:\/\/vinosdelaluz.com\/en\/#organization","name":"Vinos de La Luz","url":"https:\/\/vinosdelaluz.com\/en\/","logo":{"@type":"ImageObject","inLanguage":"en-US","@id":"https:\/\/vinosdelaluz.com\/en\/#\/schema\/logo\/image\/","url":"https:\/\/vinosdelaluz.com\/wp-content\/uploads\/2023\/02\/vinosDelLaLuz.svg","contentUrl":"https:\/\/vinosdelaluz.com\/wp-content\/uploads\/2023\/02\/vinosDelLaLuz.svg","width":308,"height":328,"caption":"Vinos de La Luz"},"image":{"@id":"https:\/\/vinosdelaluz.com\/en\/#\/schema\/logo\/image\/"}}]}},"_links":{"self":[{"href":"https:\/\/vinosdelaluz.com\/en\/wp-json\/wp\/v2\/product\/19356","targetHints":{"allow":["GET"]}}],"collection":[{"href":"https:\/\/vinosdelaluz.com\/en\/wp-json\/wp\/v2\/product"}],"about":[{"href":"https:\/\/vinosdelaluz.com\/en\/wp-json\/wp\/v2\/types\/product"}],"replies":[{"embeddable":true,"href":"https:\/\/vinosdelaluz.com\/en\/wp-json\/wp\/v2\/comments?post=19356"}],"wp:featuredmedia":[{"embeddable":true,"href":"https:\/\/vinosdelaluz.com\/en\/wp-json\/wp\/v2\/media\/24286"}],"wp:attachment":[{"href":"https:\/\/vinosdelaluz.com\/en\/wp-json\/wp\/v2\/media?parent=19356"}],"wp:term":[{"taxonomy":"product_brand","embeddable":true,"href":"https:\/\/vinosdelaluz.com\/en\/wp-json\/wp\/v2\/product_brand?post=19356"},{"taxonomy":"product_cat","embeddable":true,"href":"https:\/\/vinosdelaluz.com\/en\/wp-json\/wp\/v2\/product_cat?post=19356"},{"taxonomy":"product_tag","embeddable":true,"href":"https:\/\/vinosdelaluz.com\/en\/wp-json\/wp\/v2\/product_tag?post=19356"}],"curies":[{"name":"wp","href":"https:\/\/api.w.org\/{rel}","templated":true}]}}